{"id":1716,"date":"2025-06-06T16:44:28","date_gmt":"2025-06-06T14:44:28","guid":{"rendered":"http:\/\/colegiosalliver.es\/qualitaetszertifikat\/"},"modified":"2025-09-03T16:11:38","modified_gmt":"2025-09-03T14:11:38","slug":"qualitaetszertifikat","status":"publish","type":"page","link":"https:\/\/colegiosalliver.es\/de\/das-college\/qualitaetszertifikat\/","title":{"rendered":"Qualit\u00e4tszertifikat"},"content":{"rendered":"\t\t<div data-elementor-type=\"wp-page\" data-elementor-id=\"1716\" class=\"elementor elementor-1716 elementor-641\" data-elementor-post-type=\"page\">\n\t\t\t\t<div class=\"elementor-element elementor-element-1cc62a14 e-flex e-con-boxed e-con e-parent\" data-id=\"1cc62a14\" data-element_type=\"container\" data-e-type=\"container\" data-settings=\"{&quot;background_background&quot;:&quot;classic&quot;}\">\n\t\t\t\t\t<div class=\"e-con-inner\">\n\t\t\t\t<div class=\"elementor-element elementor-element-6ec88822 elementor-widget__width-initial elementor-widget elementor-widget-heading\" data-id=\"6ec88822\" data-element_type=\"widget\" data-e-type=\"widget\" data-widget_type=\"heading.default\">\n\t\t\t\t<div class=\"elementor-widget-container\">\n\t\t\t\t\t<h1 class=\"elementor-heading-title elementor-size-default\">Qualit\u00e4tszertifikat<\/h1>\t\t\t\t<\/div>\n\t\t\t\t<\/div>\n\t\t\t\t<div class=\"elementor-element elementor-element-2e8d0b2 elementor-widget__width-initial elementor-widget elementor-widget-heading\" data-id=\"2e8d0b2\" data-element_type=\"widget\" data-e-type=\"widget\" data-widget_type=\"heading.default\">\n\t\t\t\t<div class=\"elementor-widget-container\">\n\t\t\t\t\t<h2 class=\"elementor-heading-title elementor-size-default\">Leiten Sie ein kontinuierliches Verbesserungsprojekt und stellen Sie die notwendigen Ressourcen bereit, um ein Qualit\u00e4tsmanagementsystem zu integrieren<\/h2>\t\t\t\t<\/div>\n\t\t\t\t<\/div>\n\t\t\t\t<div class=\"elementor-element elementor-element-5071ccf7 elementor-widget elementor-widget-button\" data-id=\"5071ccf7\" data-element_type=\"widget\" data-e-type=\"widget\" data-widget_type=\"button.default\">\n\t\t\t\t<div class=\"elementor-widget-container\">\n\t\t\t\t\t\t\t\t\t<div class=\"elementor-button-wrapper\">\n\t\t\t\t\t<a class=\"elementor-button elementor-button-link elementor-size-sm\" href=\"https:\/\/colegiosalliver.es\/de\/das-college\/dienstleistungen\/\">\n\t\t\t\t\t\t<span class=\"elementor-button-content-wrapper\">\n\t\t\t\t\t\t\t\t\t<span class=\"elementor-button-text\">Dienstleistungen<\/span>\n\t\t\t\t\t<\/span>\n\t\t\t\t\t<\/a>\n\t\t\t\t<\/div>\n\t\t\t\t\t\t\t\t<\/div>\n\t\t\t\t<\/div>\n\t\t\t\t\t<\/div>\n\t\t\t\t<\/div>\n\t\t<div class=\"elementor-element elementor-element-6d22677d e-flex e-con-boxed e-con e-parent\" data-id=\"6d22677d\" data-element_type=\"container\" data-e-type=\"container\">\n\t\t\t\t\t<div class=\"e-con-inner\">\n\t\t\t\t<div class=\"elementor-element elementor-element-24355689 elementor-widget elementor-widget-heading\" data-id=\"24355689\" data-element_type=\"widget\" data-e-type=\"widget\" data-widget_type=\"heading.default\">\n\t\t\t\t<div class=\"elementor-widget-container\">\n\t\t\t\t\t<h2 class=\"elementor-heading-title elementor-size-default\">Wir streben danach, uns jeden Tag zu verbessern\n<\/h2>\t\t\t\t<\/div>\n\t\t\t\t<\/div>\n\t\t\t\t<div class=\"elementor-element elementor-element-3f5cc93e elementor-widget-divider--view-line elementor-widget elementor-widget-divider\" data-id=\"3f5cc93e\" data-element_type=\"widget\" data-e-type=\"widget\" data-widget_type=\"divider.default\">\n\t\t\t\t<div class=\"elementor-widget-container\">\n\t\t\t\t\t\t\t<div class=\"elementor-divider\">\n\t\t\t<span class=\"elementor-divider-separator\">\n\t\t\t\t\t\t<\/span>\n\t\t<\/div>\n\t\t\t\t\t\t<\/div>\n\t\t\t\t<\/div>\n\t\t\t\t<div class=\"elementor-element elementor-element-2f691610 elementor-widget elementor-widget-text-editor\" data-id=\"2f691610\" data-element_type=\"widget\" data-e-type=\"widget\" data-widget_type=\"text-editor.default\">\n\t\t\t\t<div class=\"elementor-widget-container\">\n\t\t\t\t\t\t\t\t\tBei Salliver haben wir uns schon seit langem dazu verpflichtet, ein kontinuierliches Verbesserungsprojekt zu leiten und die notwendigen Ressourcen bereitzustellen, um in alle unsere Dienstleistungen ein Qualit\u00e4tsmanagementsystem zu integrieren. So ist die Zufriedenheit aller Mitglieder der Bildungsgemeinschaft unser Markenzeichen.\t\t\t\t\t\t\t\t<\/div>\n\t\t\t\t<\/div>\n\t\t\t\t\t<\/div>\n\t\t\t\t<\/div>\n\t\t<div class=\"elementor-element elementor-element-b397231 e-flex e-con-boxed e-con e-parent\" data-id=\"b397231\" data-element_type=\"container\" data-e-type=\"container\" data-settings=\"{&quot;background_background&quot;:&quot;classic&quot;}\">\n\t\t\t\t\t<div class=\"e-con-inner\">\n\t\t\t\t<div class=\"elementor-element elementor-element-2fb1760 elementor-widget elementor-widget-heading\" data-id=\"2fb1760\" data-element_type=\"widget\" data-e-type=\"widget\" data-widget_type=\"heading.default\">\n\t\t\t\t<div class=\"elementor-widget-container\">\n\t\t\t\t\t<h2 class=\"elementor-heading-title elementor-size-default\">\nSalliver, unter den 100 besten Schulen Spaniens\n\n<\/h2>\t\t\t\t<\/div>\n\t\t\t\t<\/div>\n\t\t\t\t<div class=\"elementor-element elementor-element-4e45ed9 elementor-widget-divider--view-line elementor-widget elementor-widget-divider\" data-id=\"4e45ed9\" data-element_type=\"widget\" data-e-type=\"widget\" data-widget_type=\"divider.default\">\n\t\t\t\t<div class=\"elementor-widget-container\">\n\t\t\t\t\t\t\t<div class=\"elementor-divider\">\n\t\t\t<span class=\"elementor-divider-separator\">\n\t\t\t\t\t\t<\/span>\n\t\t<\/div>\n\t\t\t\t\t\t<\/div>\n\t\t\t\t<\/div>\n\t\t\t\t<div class=\"elementor-element elementor-element-2016952 elementor-widget elementor-widget-text-editor\" data-id=\"2016952\" data-element_type=\"widget\" data-e-type=\"widget\" data-widget_type=\"text-editor.default\">\n\t\t\t\t<div class=\"elementor-widget-container\">\n\t\t\t\t\t\t\t\t\t<p>Seit 2006 ver\u00f6ffentlicht die Zeitung El Mundo einen Sonderbericht \u00fcber die 100 besten Spanischschulen. Dabei handelt es sich um das Ergebnis einer detaillierten Analyse von \u00fcber tausend Schulen anhand von 27 Kriterien, die das Unterrichtsmodell, das Bildungsangebot und die materiellen Ressourcen bewerten.<\/p><p>Dank unserer Arbeit an der Qualit\u00e4t unserer Schule erzielt das Colegio Salliver seit mehreren Jahren in jeder Ausgabe hervorragende Noten und z\u00e4hlt damit zu den 100 besten Schulen Spaniens. <\/p><p>Diese Anerkennung unserer Arbeit ist ein weiterer Ansporn, uns mit der Hilfe aller t\u00e4glich weiter zu verbessern.<\/p>\t\t\t\t\t\t\t\t<\/div>\n\t\t\t\t<\/div>\n\t\t\t\t<div class=\"elementor-element elementor-element-d96a3ac elementor-align-center elementor-widget elementor-widget-button\" data-id=\"d96a3ac\" data-element_type=\"widget\" data-e-type=\"widget\" data-widget_type=\"button.default\">\n\t\t\t\t<div class=\"elementor-widget-container\">\n\t\t\t\t\t\t\t\t\t<div class=\"elementor-button-wrapper\">\n\t\t\t\t\t<a class=\"elementor-button elementor-button-link elementor-size-sm\" href=\"http:\/\/colegiosalliver.es\/wp-content\/uploads\/2025\/06\/politica-calidad-colegio-salliver-proposito-crecer-2021-4.jpg\" target=\"_blank\">\n\t\t\t\t\t\t<span class=\"elementor-button-content-wrapper\">\n\t\t\t\t\t\t\t\t\t<span class=\"elementor-button-text\">Qualit\u00e4tspolitik<\/span>\n\t\t\t\t\t<\/span>\n\t\t\t\t\t<\/a>\n\t\t\t\t<\/div>\n\t\t\t\t\t\t\t\t<\/div>\n\t\t\t\t<\/div>\n\t\t\t\t\t<\/div>\n\t\t\t\t<\/div>\n\t\t<div class=\"elementor-element elementor-element-ed68941 e-flex e-con-boxed e-con e-parent\" data-id=\"ed68941\" data-element_type=\"container\" data-e-type=\"container\">\n\t\t\t\t\t<div class=\"e-con-inner\">\n\t\t<div class=\"elementor-element elementor-element-dba1154 e-con-full e-flex e-con e-child\" data-id=\"dba1154\" data-element_type=\"container\" data-e-type=\"container\">\n\t\t<div class=\"elementor-element elementor-element-e3198ca e-con-full e-flex e-con e-child\" data-id=\"e3198ca\" data-element_type=\"container\" data-e-type=\"container\">\n\t\t\t\t<div class=\"elementor-element elementor-element-f09162c elementor-widget elementor-widget-image\" data-id=\"f09162c\" data-element_type=\"widget\" data-e-type=\"widget\" data-widget_type=\"image.default\">\n\t\t\t\t<div class=\"elementor-widget-container\">\n\t\t\t\t\t\t\t\t\t\t\t\t\t\t\t<img fetchpriority=\"high\" decoding=\"async\" width=\"844\" height=\"551\" src=\"https:\/\/colegiosalliver.es\/wp-content\/uploads\/2025\/06\/sello-efqm-600-2024-2027-club-excelencia-en-gestion-844x551-1.webp\" class=\"attachment-full size-full wp-image-1717\" alt=\"\" srcset=\"https:\/\/colegiosalliver.es\/wp-content\/uploads\/2025\/06\/sello-efqm-600-2024-2027-club-excelencia-en-gestion-844x551-1.webp 844w, https:\/\/colegiosalliver.es\/wp-content\/uploads\/2025\/06\/sello-efqm-600-2024-2027-club-excelencia-en-gestion-844x551-1-300x196.webp 300w, https:\/\/colegiosalliver.es\/wp-content\/uploads\/2025\/06\/sello-efqm-600-2024-2027-club-excelencia-en-gestion-844x551-1-768x501.webp 768w\" sizes=\"(max-width: 844px) 100vw, 844px\">\t\t\t\t\t\t\t\t\t\t\t\t\t\t\t<\/div>\n\t\t\t\t<\/div>\n\t\t\t\t<\/div>\n\t\t<div class=\"elementor-element elementor-element-8502242 e-con-full e-flex e-con e-child\" data-id=\"8502242\" data-element_type=\"container\" data-e-type=\"container\">\n\t\t\t\t<div class=\"elementor-element elementor-element-58e3603 elementor-widget elementor-widget-heading\" data-id=\"58e3603\" data-element_type=\"widget\" data-e-type=\"widget\" data-widget_type=\"heading.default\">\n\t\t\t\t<div class=\"elementor-widget-container\">\n\t\t\t\t\t<h2 class=\"elementor-heading-title elementor-size-default\">EFQM 600-Siegel f\u00fcr Exzellenz \n<\/h2>\t\t\t\t<\/div>\n\t\t\t\t<\/div>\n\t\t\t\t<div class=\"elementor-element elementor-element-4388b1a elementor-widget elementor-widget-text-editor\" data-id=\"4388b1a\" data-element_type=\"widget\" data-e-type=\"widget\" data-widget_type=\"text-editor.default\">\n\t\t\t\t<div class=\"elementor-widget-container\">\n\t\t\t\t\t\t\t\t\t<p class=\"et_pb_member_position\">Anerkennung der EFQM 600 Excellence durch den Management Excellence Club<\/p>\t\t\t\t\t\t\t\t<\/div>\n\t\t\t\t<\/div>\n\t\t\t\t<div class=\"elementor-element elementor-element-94430cb elementor-widget elementor-widget-text-editor\" data-id=\"94430cb\" data-element_type=\"widget\" data-e-type=\"widget\" data-widget_type=\"text-editor.default\">\n\t\t\t\t<div class=\"elementor-widget-container\">\n\t\t\t\t\t\t\t\t\t<p><strong>Die SALLIVER SCHOOL ist das erste formale Bildungszentrum in Andalusien und das f\u00fcnfte in Spanien, das das EFQM-Siegel Modell 600 erh\u00e4lt.<\/strong><\/p><p><strong>Nur 35 Unternehmen in ganz Spanien haben diese Anerkennung erhalten.<\/strong> Zu den Institutionen, die diesen Meilenstein erreicht haben, geh\u00f6ren unter anderem Banco Santander, Ilunion Hotels, Asepeyo und die Europ\u00e4ische Universit\u00e4t.<\/p><p><a href=\"https:\/\/www.clubexcelencia.org\/organizaciones-con-sello-efqm-en-espana\" rel=\"nofollow noopener\" target=\"_blank\">https:\/\/www.clubexcelencia.org\/organizaciones-con-sello-efqm-en-espana<\/a><\/p><p>Die Salliver School konnte das hohe Engagement ihrer F\u00fchrungskr\u00e4fte unter Beweis stellen und zeigen, wie die Einrichtung durch hervorragendes Management die notwendigen Strategien umsetzt, um das Erreichen hervorragender Ergebnisse sicherzustellen.<\/p><p>Diese Anerkennung zeigt auch die F\u00e4higkeit des Colegio Salliver, Ma\u00dfnahmen umzusetzen, die die notwendigen Ver\u00e4nderungen gew\u00e4hrleisten, um die Herausforderungen der heutigen Gesellschaft auf innovative und nachhaltige Weise zu bew\u00e4ltigen.<\/p><p>Die Anerkennung dieses Niveaus w\u00e4re ohne die Beteiligung der gesamten Bildungsgemeinschaft nicht m\u00f6glich. Im Namen der Institution m\u00f6chten wir uns bei allen bedanken, die es dem Colegio Salliver erm\u00f6glicht haben, dieses Niveau der EXZELLENZ zu erreichen: Studenten, Familien, Lehrpersonal und nicht lehrendes Personal sowie alle Institutionen, mit denen wir zusammenarbeiten, um weiterhin an Selbstvertrauen zu gewinnen. <\/p>\t\t\t\t\t\t\t\t<\/div>\n\t\t\t\t<\/div>\n\t\t\t\t<\/div>\n\t\t\t\t<\/div>\n\t\t<div class=\"elementor-element elementor-element-02dbd9f e-con-full e-flex e-con e-child\" data-id=\"02dbd9f\" data-element_type=\"container\" data-e-type=\"container\">\n\t\t<div class=\"elementor-element elementor-element-e2dfde8 e-con-full e-flex e-con e-child\" data-id=\"e2dfde8\" data-element_type=\"container\" data-e-type=\"container\">\n\t\t\t\t<div class=\"elementor-element elementor-element-dbefa9c elementor-widget elementor-widget-image\" data-id=\"dbefa9c\" data-element_type=\"widget\" data-e-type=\"widget\" data-widget_type=\"image.default\">\n\t\t\t\t<div class=\"elementor-widget-container\">\n\t\t\t\t\t\t\t\t\t\t\t\t\t\t\t<img decoding=\"async\" width=\"730\" height=\"1234\" src=\"https:\/\/colegiosalliver.es\/wp-content\/uploads\/2025\/06\/Marca-EDUQATIA-ISO9001-667-18.jpeg\" class=\"attachment-full size-full wp-image-1718\" alt=\"\" srcset=\"https:\/\/colegiosalliver.es\/wp-content\/uploads\/2025\/06\/Marca-EDUQATIA-ISO9001-667-18.jpeg 730w, https:\/\/colegiosalliver.es\/wp-content\/uploads\/2025\/06\/Marca-EDUQATIA-ISO9001-667-18-177x300.jpeg 177w, https:\/\/colegiosalliver.es\/wp-content\/uploads\/2025\/06\/Marca-EDUQATIA-ISO9001-667-18-606x1024.jpeg 606w\" sizes=\"(max-width: 730px) 100vw, 730px\">\t\t\t\t\t\t\t\t\t\t\t\t\t\t\t<\/div>\n\t\t\t\t<\/div>\n\t\t\t\t<\/div>\n\t\t<div class=\"elementor-element elementor-element-2b6523c e-con-full e-flex e-con e-child\" data-id=\"2b6523c\" data-element_type=\"container\" data-e-type=\"container\">\n\t\t\t\t<div class=\"elementor-element elementor-element-a9021d2 elementor-widget elementor-widget-heading\" data-id=\"a9021d2\" data-element_type=\"widget\" data-e-type=\"widget\" data-widget_type=\"heading.default\">\n\t\t\t\t<div class=\"elementor-widget-container\">\n\t\t\t\t\t<h2 class=\"elementor-heading-title elementor-size-default\">ISO 9001-Norm<\/h2>\t\t\t\t<\/div>\n\t\t\t\t<\/div>\n\t\t\t\t<div class=\"elementor-element elementor-element-d971c67 elementor-widget elementor-widget-text-editor\" data-id=\"d971c67\" data-element_type=\"widget\" data-e-type=\"widget\" data-widget_type=\"text-editor.default\">\n\t\t\t\t<div class=\"elementor-widget-container\">\n\t\t\t\t\t\t\t\t\t<p>Im Jahr 2000 erhielten wir nach einem umfassenden und detaillierten externen Audit die ISO 9001-Zertifizierung.<\/p>\t\t\t\t\t\t\t\t<\/div>\n\t\t\t\t<\/div>\n\t\t\t\t<div class=\"elementor-element elementor-element-dcb4764 elementor-widget elementor-widget-text-editor\" data-id=\"dcb4764\" data-element_type=\"widget\" data-e-type=\"widget\" data-widget_type=\"text-editor.default\">\n\t\t\t\t<div class=\"elementor-widget-container\">\n\t\t\t\t\t\t\t\t\tDie Norm ISO 9001 ist eine Reihe von Normen und Richtlinien f\u00fcr das Qualit\u00e4tsmanagement in Organisationen, die auf acht Grundprinzipien basieren:\n<ul>\n \t<li>Kundenorientierung<\/li>\n \t<li>Liderazgo<\/li>\n \t<li>Mitarbeiterbeteiligung<\/li>\n \t<li>Prozessbasierter Ansatz<\/li>\n \t<li>Prozessbasierter Ansatz<\/li>\n \t<li>Kontinuierliche Verbesserung<\/li>\n \t<li>Faktenbasierter Ansatz zur Entscheidungsfindung<\/li>\n \t<li>F\u00fcr beide Seiten vorteilhafte Lieferantenbeziehungen<\/li>\n<\/ul>\nNach diesem ersten Audit erneuern wir jedes Jahr unsere Zertifizierung und damit unser Engagement f\u00fcr Qualit\u00e4t in der F\u00fchrung unseres Unternehmens.\t\t\t\t\t\t\t\t<\/div>\n\t\t\t\t<\/div>\n\t\t\t\t<\/div>\n\t\t\t\t<\/div>\n\t\t<div class=\"elementor-element elementor-element-62a029c e-con-full e-flex e-con e-child\" data-id=\"62a029c\" data-element_type=\"container\" data-e-type=\"container\">\n\t\t<div class=\"elementor-element elementor-element-86c38be e-con-full e-flex e-con e-child\" data-id=\"86c38be\" data-element_type=\"container\" data-e-type=\"container\">\n\t\t\t\t<div class=\"elementor-element elementor-element-4d77dc2 elementor-widget elementor-widget-image\" data-id=\"4d77dc2\" data-element_type=\"widget\" data-e-type=\"widget\" data-widget_type=\"image.default\">\n\t\t\t\t<div class=\"elementor-widget-container\">\n\t\t\t\t\t\t\t\t\t\t\t\t\t\t\t<img decoding=\"async\" width=\"336\" height=\"327\" src=\"https:\/\/colegiosalliver.es\/wp-content\/uploads\/2025\/06\/Fundacion-Masfamilia.png\" class=\"attachment-full size-full wp-image-1719\" alt=\"\" srcset=\"https:\/\/colegiosalliver.es\/wp-content\/uploads\/2025\/06\/Fundacion-Masfamilia.png 336w, https:\/\/colegiosalliver.es\/wp-content\/uploads\/2025\/06\/Fundacion-Masfamilia-300x292.png 300w\" sizes=\"(max-width: 336px) 100vw, 336px\">\t\t\t\t\t\t\t\t\t\t\t\t\t\t\t<\/div>\n\t\t\t\t<\/div>\n\t\t\t\t<\/div>\n\t\t<div class=\"elementor-element elementor-element-7303111 e-con-full e-flex e-con e-child\" data-id=\"7303111\" data-element_type=\"container\" data-e-type=\"container\">\n\t\t\t\t<div class=\"elementor-element elementor-element-287ea9f elementor-widget elementor-widget-heading\" data-id=\"287ea9f\" data-element_type=\"widget\" data-e-type=\"widget\" data-widget_type=\"heading.default\">\n\t\t\t\t<div class=\"elementor-widget-container\">\n\t\t\t\t\t<h2 class=\"elementor-heading-title elementor-size-default\">Auszeichnung als familienverantwortungsvolles Unternehmen<\/h2>\t\t\t\t<\/div>\n\t\t\t\t<\/div>\n\t\t\t\t<div class=\"elementor-element elementor-element-3d66037 elementor-widget elementor-widget-text-editor\" data-id=\"3d66037\" data-element_type=\"widget\" data-e-type=\"widget\" data-widget_type=\"text-editor.default\">\n\t\t\t\t<div class=\"elementor-widget-container\">\n\t\t\t\t\t\t\t\t\t<p>Im Mittelpunkt dieses Zentrums steht die Schlichtung, und sein Ziel ist es, \u201eim Vertrauen zu wachsen\u201c.<\/p>\t\t\t\t\t\t\t\t<\/div>\n\t\t\t\t<\/div>\n\t\t\t\t<div class=\"elementor-element elementor-element-1d14f69 elementor-widget elementor-widget-text-editor\" data-id=\"1d14f69\" data-element_type=\"widget\" data-e-type=\"widget\" data-widget_type=\"text-editor.default\">\n\t\t\t\t<div class=\"elementor-widget-container\">\n\t\t\t\t\t\t\t\t\t<p>An der Salliver School verstehen wir die Work-Life-Balance als eine Reihe von Ma\u00dfnahmen, die ergriffen werden, um die umfassende Entwicklung einer Person zu f\u00f6rdern und ihr dabei zu helfen, ihre Ziele f\u00fcr ein erf\u00fcllteres und gl\u00fccklicheres Leben zu erreichen.<\/p><p>Im Mittelpunkt dieses Zentrums steht die Schlichtung, und sein Ziel ist es, \u201eim Vertrauen zu wachsen\u201c.<\/p><p>Die Salliver School wurde als familienbewusstes Unternehmen ausgezeichnet und ist damit die erste Schule in der Provinz M\u00e1laga, die diese Anerkennung f\u00fcr ihre Work-Life-Balance erh\u00e4lt, und die zweite in Andalusien.<\/p><p>Dar\u00fcber hinaus gibt es in der Provinz nur noch vier weitere zertifizierte Einrichtungen, zus\u00e4tzlich zu den 32 zertifizierten Einrichtungen in Andalusien. Das Colegio Salliver ist die zweite Schule in Andalusien, die die EFR-Zertifizierung erhalten hat. <\/p><p>An der Salliver School arbeiten wir daran, die Work-Life-Balance unserer Mitarbeiter, Familien und Sch\u00fcler sowie die Ergebnisse der Schule selbst zu verbessern.<\/p>\t\t\t\t\t\t\t\t<\/div>\n\t\t\t\t<\/div>\n\t\t\t\t<\/div>\n\t\t\t\t<\/div>\n\t\t\t\t\t<\/div>\n\t\t\t\t<\/div>\n\t\t\t\t<\/div>\n\t\t","protected":false},"excerpt":{"rendered":"<p>Qualit\u00e4tszertifikat Leiten Sie ein kontinuierliches Verbesserungsprojekt und stellen Sie die notwendigen Ressourcen bereit, um ein Qualit\u00e4tsmanagementsystem zu integrieren Dienstleistungen Wir streben danach, uns jeden Tag zu verbessern Bei Salliver haben wir uns schon seit langem dazu verpflichtet, ein kontinuierliches Verbesserungsprojekt zu leiten und die notwendigen Ressourcen bereitzustellen, um in alle unsere Dienstleistungen ein Qualit\u00e4tsmanagementsystem zu [&hellip;]<\/p>\n","protected":false},"author":1,"featured_media":0,"parent":1937,"menu_order":0,"comment_status":"closed","ping_status":"closed","template":"elementor_header_footer","meta":{"footnotes":""},"class_list":["post-1716","page","type-page","status-publish","hentry"],"_links":{"self":[{"href":"https:\/\/colegiosalliver.es\/de\/wp-json\/wp\/v2\/pages\/1716","targetHints":{"allow":["GET"]}}],"collection":[{"href":"https:\/\/colegiosalliver.es\/de\/wp-json\/wp\/v2\/pages"}],"about":[{"href":"https:\/\/colegiosalliver.es\/de\/wp-json\/wp\/v2\/types\/page"}],"author":[{"embeddable":true,"href":"https:\/\/colegiosalliver.es\/de\/wp-json\/wp\/v2\/users\/1"}],"replies":[{"embeddable":true,"href":"https:\/\/colegiosalliver.es\/de\/wp-json\/wp\/v2\/comments?post=1716"}],"version-history":[{"count":3,"href":"https:\/\/colegiosalliver.es\/de\/wp-json\/wp\/v2\/pages\/1716\/revisions"}],"predecessor-version":[{"id":1869,"href":"https:\/\/colegiosalliver.es\/de\/wp-json\/wp\/v2\/pages\/1716\/revisions\/1869"}],"up":[{"embeddable":true,"href":"https:\/\/colegiosalliver.es\/de\/wp-json\/wp\/v2\/pages\/1937"}],"wp:attachment":[{"href":"https:\/\/colegiosalliver.es\/de\/wp-json\/wp\/v2\/media?parent=1716"}],"curies":[{"name":"wp","href":"https:\/\/api.w.org\/{rel}","templated":true}]}}