{"id":1707,"date":"2025-06-04T19:02:21","date_gmt":"2025-06-04T17:02:21","guid":{"rendered":"http:\/\/colegiosalliver.es\/basketballverein\/"},"modified":"2025-09-03T15:20:20","modified_gmt":"2025-09-03T13:20:20","slug":"basketballverein","status":"publish","type":"page","link":"https:\/\/colegiosalliver.es\/de\/basketballverein\/","title":{"rendered":"Basketballverein"},"content":{"rendered":"\t\t<div data-elementor-type=\"wp-page\" data-elementor-id=\"1707\" class=\"elementor elementor-1707 elementor-179\" data-elementor-post-type=\"page\">\n\t\t\t\t<div class=\"elementor-element elementor-element-2467b748 e-flex e-con-boxed e-con e-parent\" data-id=\"2467b748\" data-element_type=\"container\" data-e-type=\"container\" data-settings=\"{&quot;background_background&quot;:&quot;classic&quot;}\">\n\t\t\t\t\t<div class=\"e-con-inner\">\n\t\t\t\t<div class=\"elementor-element elementor-element-56cd6606 elementor-widget__width-initial elementor-widget elementor-widget-heading\" data-id=\"56cd6606\" data-element_type=\"widget\" data-e-type=\"widget\" data-widget_type=\"heading.default\">\n\t\t\t\t<div class=\"elementor-widget-container\">\n\t\t\t\t\t<h1 class=\"elementor-heading-title elementor-size-default\">Basketballverein<\/h1>\t\t\t\t<\/div>\n\t\t\t\t<\/div>\n\t\t\t\t<div class=\"elementor-element elementor-element-55c20317 elementor-widget__width-initial elementor-widget elementor-widget-heading\" data-id=\"55c20317\" data-element_type=\"widget\" data-e-type=\"widget\" data-widget_type=\"heading.default\">\n\t\t\t\t<div class=\"elementor-widget-container\">\n\t\t\t\t\t<h2 class=\"elementor-heading-title elementor-size-default\">Der Traum, einen Basketballclub zu gr\u00fcnden, begann vor einigen Jahren mit immenser Begeisterung und dem Wunsch, dass jeder die Philosophie versteht, die dieses Projekt antreibt.<\/h2>\t\t\t\t<\/div>\n\t\t\t\t<\/div>\n\t\t\t\t<div class=\"elementor-element elementor-element-46b03a51 elementor-widget elementor-widget-button\" data-id=\"46b03a51\" data-element_type=\"widget\" data-e-type=\"widget\" data-widget_type=\"button.default\">\n\t\t\t\t<div class=\"elementor-widget-container\">\n\t\t\t\t\t\t\t\t\t<div class=\"elementor-button-wrapper\">\n\t\t\t\t\t<a class=\"elementor-button elementor-button-link elementor-size-sm\" href=\"https:\/\/www.youtube.com\/channel\/UChDx_VyoZ5HChm4vstdo_2w\" target=\"_blank\" rel=\"nofollow noopener\">\n\t\t\t\t\t\t<span class=\"elementor-button-content-wrapper\">\n\t\t\t\t\t\t\t\t\t<span class=\"elementor-button-text\">Sehen Sie sich Live-Spiele an<\/span>\n\t\t\t\t\t<\/span>\n\t\t\t\t\t<\/a>\n\t\t\t\t<\/div>\n\t\t\t\t\t\t\t\t<\/div>\n\t\t\t\t<\/div>\n\t\t\t\t\t<\/div>\n\t\t\t\t<\/div>\n\t\t<div class=\"elementor-element elementor-element-3c6798f5 e-flex e-con-boxed e-con e-parent\" data-id=\"3c6798f5\" data-element_type=\"container\" data-e-type=\"container\">\n\t\t\t\t\t<div class=\"e-con-inner\">\n\t\t\t\t<div class=\"elementor-element elementor-element-72cb566c elementor-widget elementor-widget-heading\" data-id=\"72cb566c\" data-element_type=\"widget\" data-e-type=\"widget\" data-widget_type=\"heading.default\">\n\t\t\t\t<div class=\"elementor-widget-container\">\n\t\t\t\t\t<h2 class=\"elementor-heading-title elementor-size-default\">Saliver Basketball Club\n<\/h2>\t\t\t\t<\/div>\n\t\t\t\t<\/div>\n\t\t\t\t<div class=\"elementor-element elementor-element-2889601b elementor-widget-divider--view-line elementor-widget elementor-widget-divider\" data-id=\"2889601b\" data-element_type=\"widget\" data-e-type=\"widget\" data-widget_type=\"divider.default\">\n\t\t\t\t<div class=\"elementor-widget-container\">\n\t\t\t\t\t\t\t<div class=\"elementor-divider\">\n\t\t\t<span class=\"elementor-divider-separator\">\n\t\t\t\t\t\t<\/span>\n\t\t<\/div>\n\t\t\t\t\t\t<\/div>\n\t\t\t\t<\/div>\n\t\t\t\t<div class=\"elementor-element elementor-element-744e7311 elementor-widget elementor-widget-text-editor\" data-id=\"744e7311\" data-element_type=\"widget\" data-e-type=\"widget\" data-widget_type=\"text-editor.default\">\n\t\t\t\t<div class=\"elementor-widget-container\">\n\t\t\t\t\t\t\t\t\t<p>Bei jedem Basketballprojekt wird gro\u00dfer Wert auf den sportlichen Aspekt gelegt. Dabei wird oft das Wesentliche \u00fcbersehen: die Werteentwicklung. Dieses Projekt basiert auf Werten wie W\u00dcRDE, RESPEKT, MUT, KOOPERATION, BESCHEIDENHEIT, INNERLICHKEIT, VERANTWORTUNG und SOLIDARIT\u00c4T.  <\/p><p>Wir starteten mit etwa 35 Kindern. In der ersten Saison hatten wir die unerm\u00fcdliche Unterst\u00fctzung von Eltern und Familienmitgliedern, die uns immer wieder ermutigten und motivierten. Im ersten Jahr erkannten wir, dass aller Anfang schwer ist und wir hart arbeiten mussten, um ein solides Fundament zu schaffen. Es ist entscheidend, immer von unten nach oben aufzubauen, um Fortschritte zu erzielen.    <\/p>\t\t\t\t\t\t\t\t<\/div>\n\t\t\t\t<\/div>\n\t\t\t\t<div class=\"elementor-element elementor-element-6ef12d8 elementor-arrows-position-outside elementor-widget elementor-widget-loop-carousel\" data-id=\"6ef12d8\" data-element_type=\"widget\" data-e-type=\"widget\" data-settings=\"{&quot;template_id&quot;:452,&quot;image_spacing_custom&quot;:{&quot;unit&quot;:&quot;px&quot;,&quot;size&quot;:20,&quot;sizes&quot;:[]},&quot;_skin&quot;:&quot;post&quot;,&quot;slides_to_show&quot;:&quot;3&quot;,&quot;slides_to_show_tablet&quot;:&quot;2&quot;,&quot;slides_to_show_mobile&quot;:&quot;1&quot;,&quot;slides_to_scroll&quot;:&quot;1&quot;,&quot;edit_handle_selector&quot;:&quot;.elementor-loop-container&quot;,&quot;autoplay&quot;:&quot;yes&quot;,&quot;autoplay_speed&quot;:5000,&quot;pause_on_hover&quot;:&quot;yes&quot;,&quot;pause_on_interaction&quot;:&quot;yes&quot;,&quot;infinite&quot;:&quot;yes&quot;,&quot;speed&quot;:500,&quot;offset_sides&quot;:&quot;none&quot;,&quot;arrows&quot;:&quot;yes&quot;,&quot;image_spacing_custom_tablet&quot;:{&quot;unit&quot;:&quot;px&quot;,&quot;size&quot;:&quot;&quot;,&quot;sizes&quot;:[]},&quot;image_spacing_custom_mobile&quot;:{&quot;unit&quot;:&quot;px&quot;,&quot;size&quot;:&quot;&quot;,&quot;sizes&quot;:[]}}\" data-widget_type=\"loop-carousel.post\">\n\t\t\t\t<div class=\"elementor-widget-container\">\n\t\t\t\t\t\t\t<div class=\"e-loop-nothing-found-message\">\n\t\t<\/div>\n\t\t\t\t\t\t<\/div>\n\t\t\t\t<\/div>\n\t\t\t\t<div class=\"elementor-element elementor-element-78fdc12 elementor-widget elementor-widget-text-editor\" data-id=\"78fdc12\" data-element_type=\"widget\" data-e-type=\"widget\" data-widget_type=\"text-editor.default\">\n\t\t\t\t<div class=\"elementor-widget-container\">\n\t\t\t\t\t\t\t\t\t<p>Wir erkannten auch, dass wir unsere T\u00fcren f\u00fcr alle Spieler \u00f6ffnen mussten, die diesen Sport erlernen und genie\u00dfen wollten und deren Familien, wie wir, Sport und pers\u00f6nliche Entwicklung miteinander verbinden wollten. Wir machten uns an die Arbeit und organisierten einen Tag der offenen T\u00fcr. Wir freuten uns, dass Sch\u00fcler anderer Schulen dazukamen, die begierig darauf waren, Teil dieser zuk\u00fcnftigen Sportfamilie zu werden. Sie kamen aus verschiedenen Orten und wollten unbedingt lernen und sich in dieses neue Sportkonzept integrieren.  <\/p><p>Im zweiten Jahr wuchs unsere Spielerzahl von 35 auf 69 Kinder und wir traten mit sechs Mannschaften an: f\u00fcnf Jungen und einer M\u00e4dchenmannschaft. Im dritten Jahr hatten wir \u00fcber 170 Spieler und traten mit 14 Mannschaften an, darunter f\u00fcnf M\u00e4dchenmannschaften. Im f\u00fcnften Jahr hatten wir 200 Spieler und 15 Mannschaften.  <\/p><p>Der Trainerstab traf sich am 20. August 2012, um die Saison zu planen. Angesichts der Spielerzahl wurde ihnen klar: WIR SIND EINE INVESTITION IN DIE ZUKUNFT. Unsere effektive Marketingstrategie, die Ernsthaftigkeit und Verantwortungsbewusstsein unserer Arbeit und der starke Zusammenhalt aller Beteiligten haben in den letzten Jahren zu diesem unglaublichen Wachstum im Basketball gef\u00fchrt.  <\/p><p>Wir m\u00f6chten den Eltern f\u00fcr ihre Opfer, ihre Anwesenheit bei jedem Spiel und ihre Unterst\u00fctzung w\u00e4hrend der Ausfl\u00fcge danken; allen Lehrern, die gekommen sind, um ihre Sch\u00fcler anzufeuern; den Trainern f\u00fcr ihren t\u00e4glichen Einsatz; dem Management-Team f\u00fcr ihre Unterst\u00fctzung, ihre Anwesenheit bei den Spielen, ihr Interesse an der Verbesserung der Einrichtungen und ihren Glauben an dieses Projekt; aber vor allem gilt unser ganz besonderer Dank den Stars dieses Projekts: DEN SPIELERN. Ohne sie w\u00e4re das alles nicht m\u00f6glich. Sie haben gezeigt, dass man mit M\u00fche viel erreichen kann, und sie lernen, wie man gewinnt und wie man verliert.   <\/p>\t\t\t\t\t\t\t\t<\/div>\n\t\t\t\t<\/div>\n\t\t\t\t\t<\/div>\n\t\t\t\t<\/div>\n\t\t<div class=\"elementor-element elementor-element-26b5b113 e-flex e-con-boxed e-con e-parent\" data-id=\"26b5b113\" data-element_type=\"container\" data-e-type=\"container\" data-settings=\"{&quot;background_background&quot;:&quot;classic&quot;}\">\n\t\t\t\t\t<div class=\"e-con-inner\">\n\t\t\t\t<div class=\"elementor-element elementor-element-23f656fe elementor-widget elementor-widget-heading\" data-id=\"23f656fe\" data-element_type=\"widget\" data-e-type=\"widget\" data-widget_type=\"heading.default\">\n\t\t\t\t<div class=\"elementor-widget-container\">\n\t\t\t\t\t<h2 class=\"elementor-heading-title elementor-size-default\">Offizielle Ausr\u00fcstung\n<\/h2>\t\t\t\t<\/div>\n\t\t\t\t<\/div>\n\t\t\t\t<div class=\"elementor-element elementor-element-1fec0239 elementor-widget-divider--view-line elementor-widget elementor-widget-divider\" data-id=\"1fec0239\" data-element_type=\"widget\" data-e-type=\"widget\" data-widget_type=\"divider.default\">\n\t\t\t\t<div class=\"elementor-widget-container\">\n\t\t\t\t\t\t\t<div class=\"elementor-divider\">\n\t\t\t<span class=\"elementor-divider-separator\">\n\t\t\t\t\t\t<\/span>\n\t\t<\/div>\n\t\t\t\t\t\t<\/div>\n\t\t\t\t<\/div>\n\t\t<div class=\"elementor-element elementor-element-26501f2 e-con-full e-flex e-con e-child\" data-id=\"26501f2\" data-element_type=\"container\" data-e-type=\"container\">\n\t\t<div class=\"elementor-element elementor-element-44a57c9 e-con-full e-flex e-con e-child\" data-id=\"44a57c9\" data-element_type=\"container\" data-e-type=\"container\">\n\t\t\t\t<div class=\"elementor-element elementor-element-4a1a65e0 elementor-widget elementor-widget-text-editor\" data-id=\"4a1a65e0\" data-element_type=\"widget\" data-e-type=\"widget\" data-widget_type=\"text-editor.default\">\n\t\t\t\t<div class=\"elementor-widget-container\">\n\t\t\t\t\t\t\t\t\t<div class=\"et_pb_column et_pb_column_1_2 et_pb_column_3 et_pb_css_mix_blend_mode_passthrough\"><div class=\"et_pb_module et_pb_text et_pb_text_3 et_pb_text_align_left et_pb_bg_layout_light\"><div class=\"et_pb_text_inner\"><p>Wir freuen uns, die neuen Fanartikel des Vereins vorstellen zu d\u00fcrfen. Diese Artikel sind f\u00fcr Spieler, Eltern, andere Familienmitglieder und alle Fans erh\u00e4ltlich, die die Vereinsfarben tragen m\u00f6chten. <\/p><p>So kaufen Sie:<\/p><p>Um eine Bestellung aufzugeben, f\u00fcllen Sie bitte das Anfrageformular unten auf dieser Seite mit den gew\u00fcnschten Artikeln und Gr\u00f6\u00dfen aus. Die Zahlung f\u00fcr diese Artikel ist bei der Bestellung f\u00e4llig. <\/p><\/div><\/div><\/div>\t\t\t\t\t\t\t\t<\/div>\n\t\t\t\t<\/div>\n\t\t\t\t<div class=\"elementor-element elementor-element-a93e85b elementor-widget elementor-widget-button\" data-id=\"a93e85b\" data-element_type=\"widget\" data-e-type=\"widget\" data-widget_type=\"button.default\">\n\t\t\t\t<div class=\"elementor-widget-container\">\n\t\t\t\t\t\t\t\t\t<div class=\"elementor-button-wrapper\">\n\t\t\t\t\t<a class=\"elementor-button elementor-button-link elementor-size-sm\" href=\"https:\/\/colegiosalliver.es\/de\/besuchen-sie-unser-zentrum\/\">\n\t\t\t\t\t\t<span class=\"elementor-button-content-wrapper\">\n\t\t\t\t\t\t\t\t\t<span class=\"elementor-button-text\">Treten Sie dem Salliver bei!<\/span>\n\t\t\t\t\t<\/span>\n\t\t\t\t\t<\/a>\n\t\t\t\t<\/div>\n\t\t\t\t\t\t\t\t<\/div>\n\t\t\t\t<\/div>\n\t\t\t\t<\/div>\n\t\t<div class=\"elementor-element elementor-element-5d78439 e-con-full e-flex e-con e-child\" data-id=\"5d78439\" data-element_type=\"container\" data-e-type=\"container\">\n\t\t\t\t<div class=\"elementor-element elementor-element-3ace3ae elementor-widget elementor-widget-image\" data-id=\"3ace3ae\" data-element_type=\"widget\" data-e-type=\"widget\" data-widget_type=\"image.default\">\n\t\t\t\t<div class=\"elementor-widget-container\">\n\t\t\t\t\t\t\t\t\t\t\t\t\t\t\t<img fetchpriority=\"high\" decoding=\"async\" width=\"960\" height=\"1318\" src=\"https:\/\/colegiosalliver.es\/wp-content\/uploads\/2025\/06\/galeriacolegiosalliver2.webp\" class=\"attachment-full size-full wp-image-1709\" alt=\"\" srcset=\"https:\/\/colegiosalliver.es\/wp-content\/uploads\/2025\/06\/galeriacolegiosalliver2.webp 960w, https:\/\/colegiosalliver.es\/wp-content\/uploads\/2025\/06\/galeriacolegiosalliver2-219x300.webp 219w, https:\/\/colegiosalliver.es\/wp-content\/uploads\/2025\/06\/galeriacolegiosalliver2-746x1024.webp 746w, https:\/\/colegiosalliver.es\/wp-content\/uploads\/2025\/06\/galeriacolegiosalliver2-768x1054.webp 768w\" sizes=\"(max-width: 960px) 100vw, 960px\">\t\t\t\t\t\t\t\t\t\t\t\t\t\t\t<\/div>\n\t\t\t\t<\/div>\n\t\t\t\t<\/div>\n\t\t\t\t<\/div>\n\t\t\t\t\t<\/div>\n\t\t\t\t<\/div>\n\t\t<div class=\"elementor-element elementor-element-3becc20f e-flex e-con-boxed e-con e-parent\" data-id=\"3becc20f\" data-element_type=\"container\" data-e-type=\"container\">\n\t\t\t\t\t<div class=\"e-con-inner\">\n\t\t\t\t<div class=\"elementor-element elementor-element-7d434637 elementor-widget elementor-widget-heading\" data-id=\"7d434637\" data-element_type=\"widget\" data-e-type=\"widget\" data-widget_type=\"heading.default\">\n\t\t\t\t<div class=\"elementor-widget-container\">\n\t\t\t\t\t<h2 class=\"elementor-heading-title elementor-size-default\">Turniere und Erfolge<\/h2>\t\t\t\t<\/div>\n\t\t\t\t<\/div>\n\t\t\t\t<div class=\"elementor-element elementor-element-33dd4eb9 elementor-widget-divider--view-line elementor-widget elementor-widget-divider\" data-id=\"33dd4eb9\" data-element_type=\"widget\" data-e-type=\"widget\" data-widget_type=\"divider.default\">\n\t\t\t\t<div class=\"elementor-widget-container\">\n\t\t\t\t\t\t\t<div class=\"elementor-divider\">\n\t\t\t<span class=\"elementor-divider-separator\">\n\t\t\t\t\t\t<\/span>\n\t\t<\/div>\n\t\t\t\t\t\t<\/div>\n\t\t\t\t<\/div>\n\t\t\t\t<div class=\"elementor-element elementor-element-6a55a9 elementor-widget elementor-widget-n-accordion\" data-id=\"6a55a9\" data-element_type=\"widget\" data-e-type=\"widget\" data-settings=\"{&quot;default_state&quot;:&quot;expanded&quot;,&quot;max_items_expended&quot;:&quot;one&quot;,&quot;n_accordion_animation_duration&quot;:{&quot;unit&quot;:&quot;ms&quot;,&quot;size&quot;:400,&quot;sizes&quot;:[]}}\" data-widget_type=\"nested-accordion.default\">\n\t\t\t\t<div class=\"elementor-widget-container\">\n\t\t\t\t\t\t\t<div class=\"e-n-accordion\" aria-label=\"Accordion. Open links with Enter or Space, close with Escape, and navigate with Arrow Keys\">\n\t\t\t\t\t\t<details id=\"e-n-accordion-item-6960\" class=\"e-n-accordion-item\" open>\n\t\t\t\t<summary class=\"e-n-accordion-item-title\" data-accordion-index=\"1\" tabindex=\"0\" aria-expanded=\"true\" aria-controls=\"e-n-accordion-item-6960\" >\n\t\t\t\t\t<span class='e-n-accordion-item-title-header'><div class=\"e-n-accordion-item-title-text\"> Saison 2023-24! <\/div><\/span>\n\t\t\t\t\t\t\t<span class='e-n-accordion-item-title-icon'>\n\t\t\t<span class='e-opened' ><svg aria-hidden=\"true\" class=\"e-font-icon-svg e-fas-minus\" viewBox=\"0 0 448 512\" xmlns=\"http:\/\/www.w3.org\/2000\/svg\"><path d=\"M416 208H32c-17.67 0-32 14.33-32 32v32c0 17.67 14.33 32 32 32h384c17.67 0 32-14.33 32-32v-32c0-17.67-14.33-32-32-32z\"><\/path><\/svg><\/span>\n\t\t\t<span class='e-closed'><svg aria-hidden=\"true\" class=\"e-font-icon-svg e-fas-plus\" viewBox=\"0 0 448 512\" xmlns=\"http:\/\/www.w3.org\/2000\/svg\"><path d=\"M416 208H272V64c0-17.67-14.33-32-32-32h-32c-17.67 0-32 14.33-32 32v144H32c-17.67 0-32 14.33-32 32v32c0 17.67 14.33 32 32 32h144v144c0 17.67 14.33 32 32 32h32c17.67 0 32-14.33 32-32V304h144c17.67 0 32-14.33 32-32v-32c0-17.67-14.33-32-32-32z\"><\/path><\/svg><\/span>\n\t\t<\/span>\n\n\t\t\t\t\t\t<\/summary>\n\t\t\t\t<div role=\"region\" aria-labelledby=\"e-n-accordion-item-6960\" class=\"elementor-element elementor-element-86ceb9b e-con-full e-flex e-con e-child\" data-id=\"86ceb9b\" data-element_type=\"container\" data-e-type=\"container\">\n\t\t\t\t<div class=\"elementor-element elementor-element-cf667fb elementor-widget elementor-widget-text-editor\" data-id=\"cf667fb\" data-element_type=\"widget\" data-e-type=\"widget\" data-widget_type=\"text-editor.default\">\n\t\t\t\t<div class=\"elementor-widget-container\">\n\t\t\t\t\t\t\t\t\tIn der letzten Saison haben die Teams unseres Clubs einige wichtige Meilensteine \u200b\u200berreicht:\n<ul>\n \t<li><strong>Herren-Premiere<\/strong>\nTeilnehmer der Malaga-Nationalmannschaft<\/li>\n \t<li><strong>Frauen-Premiere<\/strong>\nTeilnehmerin der Malaga-Nationalmannschaft<\/li>\n \t<li><strong>Erstj\u00e4hrige Damen-Mini<\/strong>\nGoldphasen-Meisterinnen<\/li>\n \t<li><strong>Kadettinnen <\/strong>\nFinalistinnen der Goldphase<\/li>\n \t<li><strong>Junioren<\/strong>\nFinalista Copa Colegial y 3\u00ba puesto de Espa\u00f1a<\/li>\n \t<li><strong>Senioren +35 Frauen <\/strong>\nLandeszweite<\/li>\n \t<li><strong>1. Nationalmannschaft der Herren\n<\/strong>FEB 3. Ligaaufstieg<\/li>\n<\/ul>\t\t\t\t\t\t\t\t<\/div>\n\t\t\t\t<\/div>\n\t\t\t\t<\/div>\n\t\t\t\t\t<\/details>\n\t\t\t\t\t\t<details id=\"e-n-accordion-item-6961\" class=\"e-n-accordion-item\" >\n\t\t\t\t<summary class=\"e-n-accordion-item-title\" data-accordion-index=\"2\" tabindex=\"-1\" aria-expanded=\"false\" aria-controls=\"e-n-accordion-item-6961\" >\n\t\t\t\t\t<span class='e-n-accordion-item-title-header'><div class=\"e-n-accordion-item-title-text\"> Saison 2022-23! <\/div><\/span>\n\t\t\t\t\t\t\t<span class='e-n-accordion-item-title-icon'>\n\t\t\t<span class='e-opened' ><svg aria-hidden=\"true\" class=\"e-font-icon-svg e-fas-minus\" viewBox=\"0 0 448 512\" xmlns=\"http:\/\/www.w3.org\/2000\/svg\"><path d=\"M416 208H32c-17.67 0-32 14.33-32 32v32c0 17.67 14.33 32 32 32h384c17.67 0 32-14.33 32-32v-32c0-17.67-14.33-32-32-32z\"><\/path><\/svg><\/span>\n\t\t\t<span class='e-closed'><svg aria-hidden=\"true\" class=\"e-font-icon-svg e-fas-plus\" viewBox=\"0 0 448 512\" xmlns=\"http:\/\/www.w3.org\/2000\/svg\"><path d=\"M416 208H272V64c0-17.67-14.33-32-32-32h-32c-17.67 0-32 14.33-32 32v144H32c-17.67 0-32 14.33-32 32v32c0 17.67 14.33 32 32 32h144v144c0 17.67 14.33 32 32 32h32c17.67 0 32-14.33 32-32V304h144c17.67 0 32-14.33 32-32v-32c0-17.67-14.33-32-32-32z\"><\/path><\/svg><\/span>\n\t\t<\/span>\n\n\t\t\t\t\t\t<\/summary>\n\t\t\t\t<div role=\"region\" aria-labelledby=\"e-n-accordion-item-6961\" class=\"elementor-element elementor-element-6e41f3a9 e-con-full e-flex e-con e-child\" data-id=\"6e41f3a9\" data-element_type=\"container\" data-e-type=\"container\">\n\t\t\t\t<div class=\"elementor-element elementor-element-12109f13 elementor-widget elementor-widget-text-editor\" data-id=\"12109f13\" data-element_type=\"widget\" data-e-type=\"widget\" data-widget_type=\"text-editor.default\">\n\t\t\t\t<div class=\"elementor-widget-container\">\n\t\t\t\t\t\t\t\t\tIn der letzten Saison haben die Teams unseres Clubs einige wichtige Meilensteine \u200b\u200berreicht:\n<ul>\n \t<li><strong>Seniorinnen (+35)<\/strong>\nLandesvizemeister<\/li>\n \t<li><strong>Frauen-Nationalliga<\/strong>\nFinal Four Andalusische Meisterschaft<\/li>\n \t<li><strong>Andalusische 3&#215;3-Meisterschaft, M\u00e4nner- und Frauenkategorien<\/strong>\nHalbfinalisten<\/li>\n \t<li><strong>Junioren (Gold)<\/strong>\nViertelfinale<\/li>\n \t<li><strong>Kadetten (Gold)<\/strong>\nViertelfinale<\/li>\n \t<li><strong>M\u00e4dchen U19 (Gold)<\/strong>\nViertelfinale<\/li>\n \t<li><strong>Juniorinnen<\/strong>\nHalbfinale der Andalusischen Meisterschaft<\/li>\n \t<li><strong>Herren Mini (Gold)<\/strong>\nViertelfinale<\/li>\n \t<li><strong>Damen Mini (Gold)<\/strong>\nViertelfinale<\/li>\n \t<li><strong>Erstsemester-Miniturnier der Damen (Gold)<\/strong>\nViertelfinale<\/li>\n<\/ul>\t\t\t\t\t\t\t\t<\/div>\n\t\t\t\t<\/div>\n\t\t\t\t<\/div>\n\t\t\t\t\t<\/details>\n\t\t\t\t\t\t<details id=\"e-n-accordion-item-6962\" class=\"e-n-accordion-item\" >\n\t\t\t\t<summary class=\"e-n-accordion-item-title\" data-accordion-index=\"3\" tabindex=\"-1\" aria-expanded=\"false\" aria-controls=\"e-n-accordion-item-6962\" >\n\t\t\t\t\t<span class='e-n-accordion-item-title-header'><div class=\"e-n-accordion-item-title-text\"> 2019 - 2020   <\/div><\/span>\n\t\t\t\t\t\t\t<span class='e-n-accordion-item-title-icon'>\n\t\t\t<span class='e-opened' ><svg aria-hidden=\"true\" class=\"e-font-icon-svg e-fas-minus\" viewBox=\"0 0 448 512\" xmlns=\"http:\/\/www.w3.org\/2000\/svg\"><path d=\"M416 208H32c-17.67 0-32 14.33-32 32v32c0 17.67 14.33 32 32 32h384c17.67 0 32-14.33 32-32v-32c0-17.67-14.33-32-32-32z\"><\/path><\/svg><\/span>\n\t\t\t<span class='e-closed'><svg aria-hidden=\"true\" class=\"e-font-icon-svg e-fas-plus\" viewBox=\"0 0 448 512\" xmlns=\"http:\/\/www.w3.org\/2000\/svg\"><path d=\"M416 208H272V64c0-17.67-14.33-32-32-32h-32c-17.67 0-32 14.33-32 32v144H32c-17.67 0-32 14.33-32 32v32c0 17.67 14.33 32 32 32h144v144c0 17.67 14.33 32 32 32h32c17.67 0 32-14.33 32-32V304h144c17.67 0 32-14.33 32-32v-32c0-17.67-14.33-32-32-32z\"><\/path><\/svg><\/span>\n\t\t<\/span>\n\n\t\t\t\t\t\t<\/summary>\n\t\t\t\t<div role=\"region\" aria-labelledby=\"e-n-accordion-item-6962\" class=\"elementor-element elementor-element-42e05885 e-con-full e-flex e-con e-child\" data-id=\"42e05885\" data-element_type=\"container\" data-e-type=\"container\">\n\t\t\t\t<div class=\"elementor-element elementor-element-12b851b elementor-widget elementor-widget-text-editor\" data-id=\"12b851b\" data-element_type=\"widget\" data-e-type=\"widget\" data-widget_type=\"text-editor.default\">\n\t\t\t\t<div class=\"elementor-widget-container\">\n\t\t\t\t\t\t\t\t\tDieses Jahr haben wir 27 f\u00f6derierte Teams und zwei Trainingsschulen:\n<ul>\n \t<li><strong>Baby<\/strong>\n2 Mannschaften<\/li>\n \t<li><strong>M\u00e4nnlicher Premini<\/strong>\n2 Mannschaften<\/li>\n \t<li><strong>Damen-Premi\u00e8re <\/strong>\n1 Mannschaft<\/li>\n \t<li><strong>Herren Mini<\/strong>\n3 Mannschaften<\/li>\n \t<li><strong>Damen Mini<\/strong>\n2 Mannschaften<\/li>\n \t<li><strong>Jungenjugend<\/strong>\n3 Mannschaften<\/li>\n \t<li><strong>M\u00e4dchenjugend<\/strong>\n2 Mannschaften<\/li>\n \t<li><strong>Kadetten m\u00e4nnlich<\/strong>\n3 Mannschaften<\/li>\n \t<li><strong>Kadettinnen<\/strong>\n2 Mannschaften<\/li>\n \t<li><strong>Junioren Herren<\/strong>\n2 Mannschaften<\/li>\n \t<li><strong>Juniorinnen<\/strong>\n1 Mannschaft<\/li>\n \t<li><strong>Senior<\/strong>\n1 Mannschaft<\/li>\n \t<li><strong>Senior +35 M\u00e4nnlich<\/strong>\n2 Mannschaften<\/li>\n \t<li><strong>Senior +35 Frauen<\/strong>\n1 Mannschaft<\/li>\n<\/ul>\t\t\t\t\t\t\t\t<\/div>\n\t\t\t\t<\/div>\n\t\t\t\t<\/div>\n\t\t\t\t\t<\/details>\n\t\t\t\t\t<\/div>\n\t\t\t\t\t\t<\/div>\n\t\t\t\t<\/div>\n\t\t\t\t\t<\/div>\n\t\t\t\t<\/div>\n\t\t<div class=\"elementor-element elementor-element-818022b e-flex e-con-boxed e-con e-parent\" data-id=\"818022b\" data-element_type=\"container\" data-e-type=\"container\" data-settings=\"{&quot;background_background&quot;:&quot;classic&quot;}\">\n\t\t\t\t\t<div class=\"e-con-inner\">\n\t\t\t\t\t<\/div>\n\t\t\t\t<\/div>\n\t\t\t\t<\/div>\n\t\t","protected":false},"excerpt":{"rendered":"<p>Basketballverein Der Traum, einen Basketballclub zu gr\u00fcnden, begann vor einigen Jahren mit immenser Begeisterung und dem Wunsch, dass jeder die Philosophie versteht, die dieses Projekt antreibt. Sehen Sie sich Live-Spiele an Saliver Basketball Club Bei jedem Basketballprojekt wird gro\u00dfer Wert auf den sportlichen Aspekt gelegt. Dabei wird oft das Wesentliche \u00fcbersehen: die Werteentwicklung. Dieses Projekt [&hellip;]<\/p>\n","protected":false},"author":1,"featured_media":0,"parent":0,"menu_order":0,"comment_status":"closed","ping_status":"closed","template":"elementor_header_footer","meta":{"footnotes":""},"class_list":["post-1707","page","type-page","status-publish","hentry"],"_links":{"self":[{"href":"https:\/\/colegiosalliver.es\/de\/wp-json\/wp\/v2\/pages\/1707","targetHints":{"allow":["GET"]}}],"collection":[{"href":"https:\/\/colegiosalliver.es\/de\/wp-json\/wp\/v2\/pages"}],"about":[{"href":"https:\/\/colegiosalliver.es\/de\/wp-json\/wp\/v2\/types\/page"}],"author":[{"embeddable":true,"href":"https:\/\/colegiosalliver.es\/de\/wp-json\/wp\/v2\/users\/1"}],"replies":[{"embeddable":true,"href":"https:\/\/colegiosalliver.es\/de\/wp-json\/wp\/v2\/comments?post=1707"}],"version-history":[{"count":3,"href":"https:\/\/colegiosalliver.es\/de\/wp-json\/wp\/v2\/pages\/1707\/revisions"}],"predecessor-version":[{"id":1855,"href":"https:\/\/colegiosalliver.es\/de\/wp-json\/wp\/v2\/pages\/1707\/revisions\/1855"}],"wp:attachment":[{"href":"https:\/\/colegiosalliver.es\/de\/wp-json\/wp\/v2\/media?parent=1707"}],"curies":[{"name":"wp","href":"https:\/\/api.w.org\/{rel}","templated":true}]}}