{"id":1690,"date":"2025-06-06T15:19:29","date_gmt":"2025-06-06T13:19:29","guid":{"rendered":"http:\/\/colegiosalliver.es\/abitur\/"},"modified":"2025-09-18T17:10:09","modified_gmt":"2025-09-18T15:10:09","slug":"abitur","status":"publish","type":"page","link":"https:\/\/colegiosalliver.es\/de\/bildungsangebot\/abitur\/","title":{"rendered":"Abitur"},"content":{"rendered":"\t\t<div data-elementor-type=\"wp-page\" data-elementor-id=\"1690\" class=\"elementor elementor-1690 elementor-571\" data-elementor-post-type=\"page\">\n\t\t\t\t<div class=\"elementor-element elementor-element-47f02367 e-flex e-con-boxed e-con e-parent\" data-id=\"47f02367\" data-element_type=\"container\" data-e-type=\"container\" data-settings=\"{&quot;background_background&quot;:&quot;classic&quot;}\">\n\t\t\t\t\t<div class=\"e-con-inner\">\n\t\t\t\t<div class=\"elementor-element elementor-element-3b9ead67 elementor-widget__width-initial elementor-widget elementor-widget-heading\" data-id=\"3b9ead67\" data-element_type=\"widget\" data-e-type=\"widget\" data-widget_type=\"heading.default\">\n\t\t\t\t<div class=\"elementor-widget-container\">\n\t\t\t\t\t<h1 class=\"elementor-heading-title elementor-size-default\">Abitur<\/h1>\t\t\t\t<\/div>\n\t\t\t\t<\/div>\n\t\t\t\t<div class=\"elementor-element elementor-element-16952418 elementor-widget__width-initial elementor-widget elementor-widget-heading\" data-id=\"16952418\" data-element_type=\"widget\" data-e-type=\"widget\" data-widget_type=\"heading.default\">\n\t\t\t\t<div class=\"elementor-widget-container\">\n\t\t\t\t\t<h2 class=\"elementor-heading-title elementor-size-default\">In dieser Phase wird das Talent jedes Einzelnen sichtbar.<\/h2>\t\t\t\t<\/div>\n\t\t\t\t<\/div>\n\t\t\t\t<div class=\"elementor-element elementor-element-760ce350 elementor-widget elementor-widget-button\" data-id=\"760ce350\" data-element_type=\"widget\" data-e-type=\"widget\" data-widget_type=\"button.default\">\n\t\t\t\t<div class=\"elementor-widget-container\">\n\t\t\t\t\t\t\t\t\t<div class=\"elementor-button-wrapper\">\n\t\t\t\t\t<a class=\"elementor-button elementor-button-link elementor-size-sm\" href=\"https:\/\/colegiosalliver.es\/de\/kontakt\/\">\n\t\t\t\t\t\t<span class=\"elementor-button-content-wrapper\">\n\t\t\t\t\t\t\t\t\t<span class=\"elementor-button-text\">Kommen Sie und treffen Sie uns<\/span>\n\t\t\t\t\t<\/span>\n\t\t\t\t\t<\/a>\n\t\t\t\t<\/div>\n\t\t\t\t\t\t\t\t<\/div>\n\t\t\t\t<\/div>\n\t\t\t\t\t<\/div>\n\t\t\t\t<\/div>\n\t\t<div class=\"elementor-element elementor-element-a67d780 e-flex e-con-boxed e-con e-parent\" data-id=\"a67d780\" data-element_type=\"container\" data-e-type=\"container\">\n\t\t\t\t\t<div class=\"e-con-inner\">\n\t\t\t\t<div class=\"elementor-element elementor-element-691fd11c elementor-widget elementor-widget-heading\" data-id=\"691fd11c\" data-element_type=\"widget\" data-e-type=\"widget\" data-widget_type=\"heading.default\">\n\t\t\t\t<div class=\"elementor-widget-container\">\n\t\t\t\t\t<h2 class=\"elementor-heading-title elementor-size-default\">Methode<\/h2>\t\t\t\t<\/div>\n\t\t\t\t<\/div>\n\t\t\t\t<div class=\"elementor-element elementor-element-6d02d572 elementor-widget-divider--view-line elementor-widget elementor-widget-divider\" data-id=\"6d02d572\" data-element_type=\"widget\" data-e-type=\"widget\" data-widget_type=\"divider.default\">\n\t\t\t\t<div class=\"elementor-widget-container\">\n\t\t\t\t\t\t\t<div class=\"elementor-divider\">\n\t\t\t<span class=\"elementor-divider-separator\">\n\t\t\t\t\t\t<\/span>\n\t\t<\/div>\n\t\t\t\t\t\t<\/div>\n\t\t\t\t<\/div>\n\t\t\t\t<div class=\"elementor-element elementor-element-46b6808e elementor-widget elementor-widget-text-editor\" data-id=\"46b6808e\" data-element_type=\"widget\" data-e-type=\"widget\" data-widget_type=\"text-editor.default\">\n\t\t\t\t<div class=\"elementor-widget-container\">\n\t\t\t\t\t\t\t\t\t<p>In dieser Phase wird das Talent jedes Einzelnen sichtbar. Salliver arbeitet daran, seine Sch\u00fcler in eine erfolgreiche Zukunft zu f\u00fchren, was sich in den hervorragenden Ergebnissen bei Auszeichnungen, Wettbewerben und externen Tests, einschlie\u00dflich der Universit\u00e4tsaufnahmepr\u00fcfungen (PAU), widerspiegelt.<\/p><p>Unsere Studierenden zeichnen sich durch Kreativit\u00e4t, Selbstst\u00e4ndigkeit, Verantwortungsbewusstsein und Unternehmergeist aus.<\/p>\t\t\t\t\t\t\t\t<\/div>\n\t\t\t\t<\/div>\n\t\t\t\t\t<\/div>\n\t\t\t\t<\/div>\n\t\t<div class=\"elementor-element elementor-element-4269cd91 e-flex e-con-boxed e-con e-parent\" data-id=\"4269cd91\" data-element_type=\"container\" data-e-type=\"container\" data-settings=\"{&quot;background_background&quot;:&quot;classic&quot;}\">\n\t\t\t\t\t<div class=\"e-con-inner\">\n\t\t\t\t<div class=\"elementor-element elementor-element-359840b5 elementor-widget elementor-widget-heading\" data-id=\"359840b5\" data-element_type=\"widget\" data-e-type=\"widget\" data-widget_type=\"heading.default\">\n\t\t\t\t<div class=\"elementor-widget-container\">\n\t\t\t\t\t<h2 class=\"elementor-heading-title elementor-size-default\">Themen<\/h2>\t\t\t\t<\/div>\n\t\t\t\t<\/div>\n\t\t\t\t<div class=\"elementor-element elementor-element-11763167 elementor-widget-divider--view-line elementor-widget elementor-widget-divider\" data-id=\"11763167\" data-element_type=\"widget\" data-e-type=\"widget\" data-widget_type=\"divider.default\">\n\t\t\t\t<div class=\"elementor-widget-container\">\n\t\t\t\t\t\t\t<div class=\"elementor-divider\">\n\t\t\t<span class=\"elementor-divider-separator\">\n\t\t\t\t\t\t<\/span>\n\t\t<\/div>\n\t\t\t\t\t\t<\/div>\n\t\t\t\t<\/div>\n\t\t\t\t<div class=\"elementor-element elementor-element-3fea37a6 elementor-widget elementor-widget-text-editor\" data-id=\"3fea37a6\" data-element_type=\"widget\" data-e-type=\"widget\" data-widget_type=\"text-editor.default\">\n\t\t\t\t<div class=\"elementor-widget-container\">\n\t\t\t\t\t\t\t\t\t<p>In dieser Phase beginnen unsere Studierenden ihre berufliche Laufbahn in einem mehrsprachigen Umfeld, in dem Englisch und Deutsch zu den regul\u00e4ren F\u00e4chern geh\u00f6ren. <\/p><p>Salliver bietet Ausbildungen in den Bachelor-Studieng\u00e4ngen Naturwissenschaften (Technik und Gesundheit) und Sozialwissenschaften an.<\/p>\t\t\t\t\t\t\t\t<\/div>\n\t\t\t\t<\/div>\n\t\t\t\t\t<\/div>\n\t\t\t\t<\/div>\n\t\t<div class=\"elementor-element elementor-element-5051fd01 e-flex e-con-boxed e-con e-parent\" data-id=\"5051fd01\" data-element_type=\"container\" data-e-type=\"container\" data-settings=\"{&quot;background_background&quot;:&quot;classic&quot;}\">\n\t\t\t\t\t<div class=\"e-con-inner\">\n\t\t\t\t<div class=\"elementor-element elementor-element-2f2d4237 elementor-widget elementor-widget-heading\" data-id=\"2f2d4237\" data-element_type=\"widget\" data-e-type=\"widget\" data-widget_type=\"heading.default\">\n\t\t\t\t<div class=\"elementor-widget-container\">\n\t\t\t\t\t<h2 class=\"elementor-heading-title elementor-size-default\">Unser Bildungsangebot\n<\/h2>\t\t\t\t<\/div>\n\t\t\t\t<\/div>\n\t\t\t\t<div class=\"elementor-element elementor-element-147e01f1 elementor-widget-divider--view-line elementor-widget elementor-widget-divider\" data-id=\"147e01f1\" data-element_type=\"widget\" data-e-type=\"widget\" data-widget_type=\"divider.default\">\n\t\t\t\t<div class=\"elementor-widget-container\">\n\t\t\t\t\t\t\t<div class=\"elementor-divider\">\n\t\t\t<span class=\"elementor-divider-separator\">\n\t\t\t\t\t\t<\/span>\n\t\t<\/div>\n\t\t\t\t\t\t<\/div>\n\t\t\t\t<\/div>\n\t\t<div class=\"elementor-element elementor-element-69ca0c2d e-con-full oferta_ e-flex e-con e-child\" data-id=\"69ca0c2d\" data-element_type=\"container\" data-e-type=\"container\">\n\t\t<a class=\"elementor-element elementor-element-15e28592 e-con-full e-flex e-con e-child\" data-id=\"15e28592\" data-element_type=\"container\" data-e-type=\"container\" href=\"http:\/\/colegiosalliver.es\/de\/dienstleistungen\/#comedor\">\n\t\t\t\t<div class=\"elementor-element elementor-element-776102ba elementor-widget elementor-widget-image\" data-id=\"776102ba\" data-element_type=\"widget\" data-e-type=\"widget\" data-widget_type=\"image.default\">\n\t\t\t\t<div class=\"elementor-widget-container\">\n\t\t\t\t\t\t\t\t\t\t\t\t\t\t\t<img fetchpriority=\"high\" decoding=\"async\" width=\"364\" height=\"364\" src=\"https:\/\/colegiosalliver.es\/wp-content\/uploads\/2025\/06\/Comedor.png\" class=\"attachment-full size-full wp-image-1678\" alt=\"Escuela infantil en Fuengirola\" srcset=\"https:\/\/colegiosalliver.es\/wp-content\/uploads\/2025\/06\/Comedor.png 364w, https:\/\/colegiosalliver.es\/wp-content\/uploads\/2025\/06\/Comedor-300x300.png 300w, https:\/\/colegiosalliver.es\/wp-content\/uploads\/2025\/06\/Comedor-150x150.png 150w\" sizes=\"(max-width: 364px) 100vw, 364px\" \/>\t\t\t\t\t\t\t\t\t\t\t\t\t\t\t<\/div>\n\t\t\t\t<\/div>\n\t\t\t\t<div class=\"elementor-element elementor-element-12b6212d elementor-widget elementor-widget-text-editor\" data-id=\"12b6212d\" data-element_type=\"widget\" data-e-type=\"widget\" data-widget_type=\"text-editor.default\">\n\t\t\t\t<div class=\"elementor-widget-container\">\n\t\t\t\t\t\t\t\t\t<p>Mensa<\/p>\t\t\t\t\t\t\t\t<\/div>\n\t\t\t\t<\/div>\n\t\t\t\t<\/a>\n\t\t<a class=\"elementor-element elementor-element-1d6b77dc e-con-full e-flex e-con e-child\" data-id=\"1d6b77dc\" data-element_type=\"container\" data-e-type=\"container\" href=\"http:\/\/colegiosalliver.es\/de\/dienstleistungen\/#autobus\">\n\t\t\t\t<div class=\"elementor-element elementor-element-3d1118bd elementor-widget elementor-widget-image\" data-id=\"3d1118bd\" data-element_type=\"widget\" data-e-type=\"widget\" data-widget_type=\"image.default\">\n\t\t\t\t<div class=\"elementor-widget-container\">\n\t\t\t\t\t\t\t\t\t\t\t\t\t\t\t<img decoding=\"async\" width=\"364\" height=\"364\" src=\"https:\/\/colegiosalliver.es\/wp-content\/uploads\/2025\/06\/Bus.png\" class=\"attachment-full size-full wp-image-1679\" alt=\"autobus colegio infantil fuengirola\" srcset=\"https:\/\/colegiosalliver.es\/wp-content\/uploads\/2025\/06\/Bus.png 364w, https:\/\/colegiosalliver.es\/wp-content\/uploads\/2025\/06\/Bus-300x300.png 300w, https:\/\/colegiosalliver.es\/wp-content\/uploads\/2025\/06\/Bus-150x150.png 150w\" sizes=\"(max-width: 364px) 100vw, 364px\" \/>\t\t\t\t\t\t\t\t\t\t\t\t\t\t\t<\/div>\n\t\t\t\t<\/div>\n\t\t\t\t<div class=\"elementor-element elementor-element-780c7281 elementor-widget elementor-widget-text-editor\" data-id=\"780c7281\" data-element_type=\"widget\" data-e-type=\"widget\" data-widget_type=\"text-editor.default\">\n\t\t\t\t<div class=\"elementor-widget-container\">\n\t\t\t\t\t\t\t\t\t<p>Schulbus<\/p>\t\t\t\t\t\t\t\t<\/div>\n\t\t\t\t<\/div>\n\t\t\t\t<\/a>\n\t\t<a class=\"elementor-element elementor-element-78afe4c6 e-con-full e-flex e-con e-child\" data-id=\"78afe4c6\" data-element_type=\"container\" data-e-type=\"container\" href=\"http:\/\/colegiosalliver.es\/de\/dienstleistungen\/#debate\">\n\t\t\t\t<div class=\"elementor-element elementor-element-49707bf9 elementor-widget elementor-widget-image\" data-id=\"49707bf9\" data-element_type=\"widget\" data-e-type=\"widget\" data-widget_type=\"image.default\">\n\t\t\t\t<div class=\"elementor-widget-container\">\n\t\t\t\t\t\t\t\t\t\t\t\t\t\t\t<img decoding=\"async\" width=\"364\" height=\"364\" src=\"https:\/\/colegiosalliver.es\/wp-content\/uploads\/2025\/06\/Debate.png\" class=\"attachment-full size-full wp-image-1680\" alt=\"taller de debate para colegio infantil fuengirola\" srcset=\"https:\/\/colegiosalliver.es\/wp-content\/uploads\/2025\/06\/Debate.png 364w, https:\/\/colegiosalliver.es\/wp-content\/uploads\/2025\/06\/Debate-300x300.png 300w, https:\/\/colegiosalliver.es\/wp-content\/uploads\/2025\/06\/Debate-150x150.png 150w\" sizes=\"(max-width: 364px) 100vw, 364px\" \/>\t\t\t\t\t\t\t\t\t\t\t\t\t\t\t<\/div>\n\t\t\t\t<\/div>\n\t\t\t\t<div class=\"elementor-element elementor-element-3ec0326b elementor-widget elementor-widget-text-editor\" data-id=\"3ec0326b\" data-element_type=\"widget\" data-e-type=\"widget\" data-widget_type=\"text-editor.default\">\n\t\t\t\t<div class=\"elementor-widget-container\">\n\t\t\t\t\t\t\t\t\t<p>Debatten-Workshop<\/p>\t\t\t\t\t\t\t\t<\/div>\n\t\t\t\t<\/div>\n\t\t\t\t<\/a>\n\t\t<a class=\"elementor-element elementor-element-37017f91 e-con-full e-flex e-con e-child\" data-id=\"37017f91\" data-element_type=\"container\" data-e-type=\"container\" href=\"https:\/\/colegiosalliver.es\/el-colegio\/actividades-extraescolares\/\">\n\t\t\t\t<div class=\"elementor-element elementor-element-400c326 elementor-widget elementor-widget-image\" data-id=\"400c326\" data-element_type=\"widget\" data-e-type=\"widget\" data-widget_type=\"image.default\">\n\t\t\t\t<div class=\"elementor-widget-container\">\n\t\t\t\t\t\t\t\t\t\t\t\t\t\t\t<img loading=\"lazy\" decoding=\"async\" width=\"364\" height=\"364\" src=\"https:\/\/colegiosalliver.es\/wp-content\/uploads\/2025\/06\/Extraescolares.png\" class=\"attachment-full size-full wp-image-1681\" alt=\"actividades extraescolares para escuela infantil en fuengirola\" srcset=\"https:\/\/colegiosalliver.es\/wp-content\/uploads\/2025\/06\/Extraescolares.png 364w, https:\/\/colegiosalliver.es\/wp-content\/uploads\/2025\/06\/Extraescolares-300x300.png 300w, https:\/\/colegiosalliver.es\/wp-content\/uploads\/2025\/06\/Extraescolares-150x150.png 150w\" sizes=\"(max-width: 364px) 100vw, 364px\" \/>\t\t\t\t\t\t\t\t\t\t\t\t\t\t\t<\/div>\n\t\t\t\t<\/div>\n\t\t\t\t<div class=\"elementor-element elementor-element-ca812eb elementor-widget elementor-widget-text-editor\" data-id=\"ca812eb\" data-element_type=\"widget\" data-e-type=\"widget\" data-widget_type=\"text-editor.default\">\n\t\t\t\t<div class=\"elementor-widget-container\">\n\t\t\t\t\t\t\t\t\t<p>Au\u00dferschulische Aktivit\u00e4ten<\/p>\t\t\t\t\t\t\t\t<\/div>\n\t\t\t\t<\/div>\n\t\t\t\t<\/a>\n\t\t\t\t<\/div>\n\t\t\t\t\t<\/div>\n\t\t\t\t<\/div>\n\t\t<div class=\"elementor-element elementor-element-55d474d3 e-flex e-con-boxed e-con e-parent\" data-id=\"55d474d3\" data-element_type=\"container\" data-e-type=\"container\" data-settings=\"{&quot;background_background&quot;:&quot;classic&quot;}\">\n\t\t\t\t\t<div class=\"e-con-inner\">\n\t\t\t\t\t<\/div>\n\t\t\t\t<\/div>\n\t\t\t\t<\/div>\n\t\t","protected":false},"excerpt":{"rendered":"<p>Abitur In dieser Phase wird das Talent jedes Einzelnen sichtbar. Kommen Sie und treffen Sie uns Methode In dieser Phase wird das Talent jedes Einzelnen sichtbar. Salliver arbeitet daran, seine Sch\u00fcler in eine erfolgreiche Zukunft zu f\u00fchren, was sich in den hervorragenden Ergebnissen bei Auszeichnungen, Wettbewerben und externen Tests, einschlie\u00dflich der Universit\u00e4tsaufnahmepr\u00fcfungen (PAU), widerspiegelt. Unsere [&hellip;]<\/p>\n","protected":false},"author":1,"featured_media":0,"parent":1940,"menu_order":0,"comment_status":"closed","ping_status":"closed","template":"elementor_header_footer","meta":{"footnotes":""},"class_list":["post-1690","page","type-page","status-publish","hentry"],"_links":{"self":[{"href":"https:\/\/colegiosalliver.es\/de\/wp-json\/wp\/v2\/pages\/1690","targetHints":{"allow":["GET"]}}],"collection":[{"href":"https:\/\/colegiosalliver.es\/de\/wp-json\/wp\/v2\/pages"}],"about":[{"href":"https:\/\/colegiosalliver.es\/de\/wp-json\/wp\/v2\/types\/page"}],"author":[{"embeddable":true,"href":"https:\/\/colegiosalliver.es\/de\/wp-json\/wp\/v2\/users\/1"}],"replies":[{"embeddable":true,"href":"https:\/\/colegiosalliver.es\/de\/wp-json\/wp\/v2\/comments?post=1690"}],"version-history":[{"count":10,"href":"https:\/\/colegiosalliver.es\/de\/wp-json\/wp\/v2\/pages\/1690\/revisions"}],"predecessor-version":[{"id":2203,"href":"https:\/\/colegiosalliver.es\/de\/wp-json\/wp\/v2\/pages\/1690\/revisions\/2203"}],"up":[{"embeddable":true,"href":"https:\/\/colegiosalliver.es\/de\/wp-json\/wp\/v2\/pages\/1940"}],"wp:attachment":[{"href":"https:\/\/colegiosalliver.es\/de\/wp-json\/wp\/v2\/media?parent=1690"}],"curies":[{"name":"wp","href":"https:\/\/api.w.org\/{rel}","templated":true}]}}