{"id":1683,"date":"2025-06-06T14:38:18","date_gmt":"2025-06-06T12:38:18","guid":{"rendered":"http:\/\/colegiosalliver.es\/grundschulbildung\/"},"modified":"2025-09-18T17:15:01","modified_gmt":"2025-09-18T15:15:01","slug":"grundschulbildung","status":"publish","type":"page","link":"https:\/\/colegiosalliver.es\/de\/bildungsangebot\/grundschulbildung\/","title":{"rendered":"Grundschulbildung"},"content":{"rendered":"\t\t<div data-elementor-type=\"wp-page\" data-elementor-id=\"1683\" class=\"elementor elementor-1683 elementor-551\" data-elementor-post-type=\"page\">\n\t\t\t\t<div class=\"elementor-element elementor-element-47f02367 e-flex e-con-boxed e-con e-parent\" data-id=\"47f02367\" data-element_type=\"container\" data-e-type=\"container\" data-settings=\"{&quot;background_background&quot;:&quot;classic&quot;}\">\n\t\t\t\t\t<div class=\"e-con-inner\">\n\t\t\t\t<div class=\"elementor-element elementor-element-3b9ead67 elementor-widget__width-initial elementor-widget elementor-widget-heading\" data-id=\"3b9ead67\" data-element_type=\"widget\" data-e-type=\"widget\" data-widget_type=\"heading.default\">\n\t\t\t\t<div class=\"elementor-widget-container\">\n\t\t\t\t\t<h1 class=\"elementor-heading-title elementor-size-default\">Grundschulbildung<\/h1>\t\t\t\t<\/div>\n\t\t\t\t<\/div>\n\t\t\t\t<div class=\"elementor-element elementor-element-16952418 elementor-widget__width-initial elementor-widget elementor-widget-heading\" data-id=\"16952418\" data-element_type=\"widget\" data-e-type=\"widget\" data-widget_type=\"heading.default\">\n\t\t\t\t<div class=\"elementor-widget-container\">\n\t\t\t\t\t<h2 class=\"elementor-heading-title elementor-size-default\">Eine Schl\u00fcsselphase f\u00fcr die kognitive und emotionale Entwicklung\n<\/h2>\t\t\t\t<\/div>\n\t\t\t\t<\/div>\n\t\t\t\t<div class=\"elementor-element elementor-element-760ce350 elementor-widget elementor-widget-button\" data-id=\"760ce350\" data-element_type=\"widget\" data-e-type=\"widget\" data-widget_type=\"button.default\">\n\t\t\t\t<div class=\"elementor-widget-container\">\n\t\t\t\t\t\t\t\t\t<div class=\"elementor-button-wrapper\">\n\t\t\t\t\t<a class=\"elementor-button elementor-button-link elementor-size-sm\" href=\"https:\/\/colegiosalliver.es\/de\/kontakt\/\">\n\t\t\t\t\t\t<span class=\"elementor-button-content-wrapper\">\n\t\t\t\t\t\t\t\t\t<span class=\"elementor-button-text\">Kommen Sie und treffen Sie uns<\/span>\n\t\t\t\t\t<\/span>\n\t\t\t\t\t<\/a>\n\t\t\t\t<\/div>\n\t\t\t\t\t\t\t\t<\/div>\n\t\t\t\t<\/div>\n\t\t\t\t\t<\/div>\n\t\t\t\t<\/div>\n\t\t<div class=\"elementor-element elementor-element-a67d780 e-flex e-con-boxed e-con e-parent\" data-id=\"a67d780\" data-element_type=\"container\" data-e-type=\"container\">\n\t\t\t\t\t<div class=\"e-con-inner\">\n\t\t\t\t<div class=\"elementor-element elementor-element-691fd11c elementor-widget elementor-widget-heading\" data-id=\"691fd11c\" data-element_type=\"widget\" data-e-type=\"widget\" data-widget_type=\"heading.default\">\n\t\t\t\t<div class=\"elementor-widget-container\">\n\t\t\t\t\t<h2 class=\"elementor-heading-title elementor-size-default\">Methode<\/h2>\t\t\t\t<\/div>\n\t\t\t\t<\/div>\n\t\t\t\t<div class=\"elementor-element elementor-element-6d02d572 elementor-widget-divider--view-line elementor-widget elementor-widget-divider\" data-id=\"6d02d572\" data-element_type=\"widget\" data-e-type=\"widget\" data-widget_type=\"divider.default\">\n\t\t\t\t<div class=\"elementor-widget-container\">\n\t\t\t\t\t\t\t<div class=\"elementor-divider\">\n\t\t\t<span class=\"elementor-divider-separator\">\n\t\t\t\t\t\t<\/span>\n\t\t<\/div>\n\t\t\t\t\t\t<\/div>\n\t\t\t\t<\/div>\n\t\t\t\t<div class=\"elementor-element elementor-element-46b6808e elementor-widget elementor-widget-text-editor\" data-id=\"46b6808e\" data-element_type=\"widget\" data-e-type=\"widget\" data-widget_type=\"text-editor.default\">\n\t\t\t\t<div class=\"elementor-widget-container\">\n\t\t\t\t\t\t\t\t\t<div class=\"et_pb_module et_pb_text et_pb_text_0 et_pb_text_align_left et_pb_bg_layout_light\"><div class=\"et_pb_text_inner\"><p><strong>Unsere Studierenden arbeiten individuell und im Team engagiert <\/strong>und eigenverantwortlich an ihrem Lernprozess und integrieren dabei die unterschiedlichen Erfahrungen des Alltags und ihrer unmittelbaren Umgebung in ihr Lernen. <\/p><p>Unsere Methode basiert auf aktiven, motivierenden und partizipativen Techniken. Unsere Studierenden arbeiten individuell und im Team, mit Engagement und Verantwortung und integrieren die unterschiedlichen Erfahrungen des Alltags und ihrer unmittelbaren Umgebung in ihr Lernen. So finden sie Freude an ihrer Arbeit. Die Ergebnisse sind Studierende mit Selbstvertrauen, kritischem Sinn f\u00fcr Zielstrebigkeit, Eigeninitiative, Neugier, Interesse und Kreativit\u00e4t am Lernen sowie Unternehmergeist.   <\/p><\/div><\/div>\t\t\t\t\t\t\t\t<\/div>\n\t\t\t\t<\/div>\n\t\t\t\t\t<\/div>\n\t\t\t\t<\/div>\n\t\t<div class=\"elementor-element elementor-element-4269cd91 e-flex e-con-boxed e-con e-parent\" data-id=\"4269cd91\" data-element_type=\"container\" data-e-type=\"container\" data-settings=\"{&quot;background_background&quot;:&quot;classic&quot;}\">\n\t\t\t\t\t<div class=\"e-con-inner\">\n\t\t\t\t<div class=\"elementor-element elementor-element-359840b5 elementor-widget elementor-widget-heading\" data-id=\"359840b5\" data-element_type=\"widget\" data-e-type=\"widget\" data-widget_type=\"heading.default\">\n\t\t\t\t<div class=\"elementor-widget-container\">\n\t\t\t\t\t<h2 class=\"elementor-heading-title elementor-size-default\">Themen<\/h2>\t\t\t\t<\/div>\n\t\t\t\t<\/div>\n\t\t\t\t<div class=\"elementor-element elementor-element-11763167 elementor-widget-divider--view-line elementor-widget elementor-widget-divider\" data-id=\"11763167\" data-element_type=\"widget\" data-e-type=\"widget\" data-widget_type=\"divider.default\">\n\t\t\t\t<div class=\"elementor-widget-container\">\n\t\t\t\t\t\t\t<div class=\"elementor-divider\">\n\t\t\t<span class=\"elementor-divider-separator\">\n\t\t\t\t\t\t<\/span>\n\t\t<\/div>\n\t\t\t\t\t\t<\/div>\n\t\t\t\t<\/div>\n\t\t<div class=\"elementor-element elementor-element-6afc2772 e-con-full e-flex e-con e-child\" data-id=\"6afc2772\" data-element_type=\"container\" data-e-type=\"container\">\n\t\t<div class=\"elementor-element elementor-element-f126409 e-con-full e-flex e-con e-child\" data-id=\"f126409\" data-element_type=\"container\" data-e-type=\"container\">\n\t\t\t\t<div class=\"elementor-element elementor-element-3fea37a6 elementor-widget elementor-widget-text-editor\" data-id=\"3fea37a6\" data-element_type=\"widget\" data-e-type=\"widget\" data-widget_type=\"text-editor.default\">\n\t\t\t\t<div class=\"elementor-widget-container\">\n\t\t\t\t\t\t\t\t\t<div class=\"et_pb_module et_pb_text et_pb_text_1 et_pb_text_align_left et_pb_bg_layout_light\"><div class=\"et_pb_text_inner\"><p>Bei Salliver m\u00f6chten wir, dass unsere Sch\u00fcler Freude an ihrer Arbeit finden. Deshalb engagieren wir uns f\u00fcr p\u00e4dagogische Innovation und neue Technologien. Unsere Sch\u00fcler entwickeln neue F\u00e4higkeiten und f\u00f6rdern ihre pers\u00f6nliche Entwicklung im Geiste kontinuierlicher Verbesserung. Und sie lernen auch gerne. Wir helfen ihnen, ihre Ideen mit Lerntechniken zu ordnen. Sie lernen, mit Concept Maps und Brainstorming zu lernen. Sie lernen, die Arbeit in kooperativen und interdisziplin\u00e4ren Umgebungen zu organisieren und erzielen so optimale Ergebnisse in einer sicheren und anregenden Umgebung, in der sie ihr Wissen teilen k\u00f6nnen.      <em><span class=\"\">Deutsch. <\/span><span class=\"\">Programmierung und Robotik. <\/span>50 % Englisch und Spanisch<\/em><\/p><\/div><\/div>\t\t\t\t\t\t\t\t<\/div>\n\t\t\t\t<\/div>\n\t\t\t\t<\/div>\n\t\t\t\t<\/div>\n\t\t\t\t\t<\/div>\n\t\t\t\t<\/div>\n\t\t<div class=\"elementor-element elementor-element-5051fd01 e-flex e-con-boxed e-con e-parent\" data-id=\"5051fd01\" data-element_type=\"container\" data-e-type=\"container\" data-settings=\"{&quot;background_background&quot;:&quot;classic&quot;}\">\n\t\t\t\t\t<div class=\"e-con-inner\">\n\t\t\t\t<div class=\"elementor-element elementor-element-2f2d4237 elementor-widget elementor-widget-heading\" data-id=\"2f2d4237\" data-element_type=\"widget\" data-e-type=\"widget\" data-widget_type=\"heading.default\">\n\t\t\t\t<div class=\"elementor-widget-container\">\n\t\t\t\t\t<h2 class=\"elementor-heading-title elementor-size-default\">Unser Bildungsangebot\n<\/h2>\t\t\t\t<\/div>\n\t\t\t\t<\/div>\n\t\t\t\t<div class=\"elementor-element elementor-element-147e01f1 elementor-widget-divider--view-line elementor-widget elementor-widget-divider\" data-id=\"147e01f1\" data-element_type=\"widget\" data-e-type=\"widget\" data-widget_type=\"divider.default\">\n\t\t\t\t<div class=\"elementor-widget-container\">\n\t\t\t\t\t\t\t<div class=\"elementor-divider\">\n\t\t\t<span class=\"elementor-divider-separator\">\n\t\t\t\t\t\t<\/span>\n\t\t<\/div>\n\t\t\t\t\t\t<\/div>\n\t\t\t\t<\/div>\n\t\t<div class=\"elementor-element elementor-element-69ca0c2d e-con-full oferta_ e-flex e-con e-child\" data-id=\"69ca0c2d\" data-element_type=\"container\" data-e-type=\"container\">\n\t\t<a class=\"elementor-element elementor-element-15e28592 e-con-full e-flex e-con e-child\" data-id=\"15e28592\" data-element_type=\"container\" data-e-type=\"container\" href=\"http:\/\/colegiosalliver.es\/de\/dienstleistungen\/#comedor\">\n\t\t\t\t<div class=\"elementor-element elementor-element-776102ba elementor-widget elementor-widget-image\" data-id=\"776102ba\" data-element_type=\"widget\" data-e-type=\"widget\" data-widget_type=\"image.default\">\n\t\t\t\t<div class=\"elementor-widget-container\">\n\t\t\t\t\t\t\t\t\t\t\t\t\t\t\t<img fetchpriority=\"high\" decoding=\"async\" width=\"364\" height=\"364\" src=\"https:\/\/colegiosalliver.es\/wp-content\/uploads\/2025\/06\/Comedor.png\" class=\"attachment-full size-full wp-image-1678\" alt=\"Escuela infantil en Fuengirola\" srcset=\"https:\/\/colegiosalliver.es\/wp-content\/uploads\/2025\/06\/Comedor.png 364w, https:\/\/colegiosalliver.es\/wp-content\/uploads\/2025\/06\/Comedor-300x300.png 300w, https:\/\/colegiosalliver.es\/wp-content\/uploads\/2025\/06\/Comedor-150x150.png 150w\" sizes=\"(max-width: 364px) 100vw, 364px\" \/>\t\t\t\t\t\t\t\t\t\t\t\t\t\t\t<\/div>\n\t\t\t\t<\/div>\n\t\t\t\t<div class=\"elementor-element elementor-element-12b6212d elementor-widget elementor-widget-text-editor\" data-id=\"12b6212d\" data-element_type=\"widget\" data-e-type=\"widget\" data-widget_type=\"text-editor.default\">\n\t\t\t\t<div class=\"elementor-widget-container\">\n\t\t\t\t\t\t\t\t\t<p>Mensa<\/p>\t\t\t\t\t\t\t\t<\/div>\n\t\t\t\t<\/div>\n\t\t\t\t<\/a>\n\t\t<a class=\"elementor-element elementor-element-1d6b77dc e-con-full e-flex e-con e-child\" data-id=\"1d6b77dc\" data-element_type=\"container\" data-e-type=\"container\" href=\"http:\/\/colegiosalliver.es\/de\/dienstleistungen\/#autobus\">\n\t\t\t\t<div class=\"elementor-element elementor-element-3d1118bd elementor-widget elementor-widget-image\" data-id=\"3d1118bd\" data-element_type=\"widget\" data-e-type=\"widget\" data-widget_type=\"image.default\">\n\t\t\t\t<div class=\"elementor-widget-container\">\n\t\t\t\t\t\t\t\t\t\t\t\t\t\t\t<img decoding=\"async\" width=\"364\" height=\"364\" src=\"https:\/\/colegiosalliver.es\/wp-content\/uploads\/2025\/06\/Bus.png\" class=\"attachment-full size-full wp-image-1679\" alt=\"autobus colegio infantil fuengirola\" srcset=\"https:\/\/colegiosalliver.es\/wp-content\/uploads\/2025\/06\/Bus.png 364w, https:\/\/colegiosalliver.es\/wp-content\/uploads\/2025\/06\/Bus-300x300.png 300w, https:\/\/colegiosalliver.es\/wp-content\/uploads\/2025\/06\/Bus-150x150.png 150w\" sizes=\"(max-width: 364px) 100vw, 364px\" \/>\t\t\t\t\t\t\t\t\t\t\t\t\t\t\t<\/div>\n\t\t\t\t<\/div>\n\t\t\t\t<div class=\"elementor-element elementor-element-780c7281 elementor-widget elementor-widget-text-editor\" data-id=\"780c7281\" data-element_type=\"widget\" data-e-type=\"widget\" data-widget_type=\"text-editor.default\">\n\t\t\t\t<div class=\"elementor-widget-container\">\n\t\t\t\t\t\t\t\t\t<p>Schulbus<\/p>\t\t\t\t\t\t\t\t<\/div>\n\t\t\t\t<\/div>\n\t\t\t\t<\/a>\n\t\t<a class=\"elementor-element elementor-element-78afe4c6 e-con-full e-flex e-con e-child\" data-id=\"78afe4c6\" data-element_type=\"container\" data-e-type=\"container\" href=\"http:\/\/colegiosalliver.es\/de\/dienstleistungen\/#debate\">\n\t\t\t\t<div class=\"elementor-element elementor-element-49707bf9 elementor-widget elementor-widget-image\" data-id=\"49707bf9\" data-element_type=\"widget\" data-e-type=\"widget\" data-widget_type=\"image.default\">\n\t\t\t\t<div class=\"elementor-widget-container\">\n\t\t\t\t\t\t\t\t\t\t\t\t\t\t\t<img decoding=\"async\" width=\"364\" height=\"364\" src=\"https:\/\/colegiosalliver.es\/wp-content\/uploads\/2025\/06\/Debate.png\" class=\"attachment-full size-full wp-image-1680\" alt=\"taller de debate para colegio infantil fuengirola\" srcset=\"https:\/\/colegiosalliver.es\/wp-content\/uploads\/2025\/06\/Debate.png 364w, https:\/\/colegiosalliver.es\/wp-content\/uploads\/2025\/06\/Debate-300x300.png 300w, https:\/\/colegiosalliver.es\/wp-content\/uploads\/2025\/06\/Debate-150x150.png 150w\" sizes=\"(max-width: 364px) 100vw, 364px\" \/>\t\t\t\t\t\t\t\t\t\t\t\t\t\t\t<\/div>\n\t\t\t\t<\/div>\n\t\t\t\t<div class=\"elementor-element elementor-element-3ec0326b elementor-widget elementor-widget-text-editor\" data-id=\"3ec0326b\" data-element_type=\"widget\" data-e-type=\"widget\" data-widget_type=\"text-editor.default\">\n\t\t\t\t<div class=\"elementor-widget-container\">\n\t\t\t\t\t\t\t\t\t<p>Debatten-Workshop<\/p>\t\t\t\t\t\t\t\t<\/div>\n\t\t\t\t<\/div>\n\t\t\t\t<\/a>\n\t\t<a class=\"elementor-element elementor-element-37017f91 e-con-full e-flex e-con e-child\" data-id=\"37017f91\" data-element_type=\"container\" data-e-type=\"container\" href=\"https:\/\/colegiosalliver.es\/el-colegio\/actividades-extraescolares\/\">\n\t\t\t\t<div class=\"elementor-element elementor-element-400c326 elementor-widget elementor-widget-image\" data-id=\"400c326\" data-element_type=\"widget\" data-e-type=\"widget\" data-widget_type=\"image.default\">\n\t\t\t\t<div class=\"elementor-widget-container\">\n\t\t\t\t\t\t\t\t\t\t\t\t\t\t\t<img loading=\"lazy\" decoding=\"async\" width=\"364\" height=\"364\" src=\"https:\/\/colegiosalliver.es\/wp-content\/uploads\/2025\/06\/Extraescolares.png\" class=\"attachment-full size-full wp-image-1681\" alt=\"actividades extraescolares para escuela infantil en fuengirola\" srcset=\"https:\/\/colegiosalliver.es\/wp-content\/uploads\/2025\/06\/Extraescolares.png 364w, https:\/\/colegiosalliver.es\/wp-content\/uploads\/2025\/06\/Extraescolares-300x300.png 300w, https:\/\/colegiosalliver.es\/wp-content\/uploads\/2025\/06\/Extraescolares-150x150.png 150w\" sizes=\"(max-width: 364px) 100vw, 364px\" \/>\t\t\t\t\t\t\t\t\t\t\t\t\t\t\t<\/div>\n\t\t\t\t<\/div>\n\t\t\t\t<div class=\"elementor-element elementor-element-ca812eb elementor-widget elementor-widget-text-editor\" data-id=\"ca812eb\" data-element_type=\"widget\" data-e-type=\"widget\" data-widget_type=\"text-editor.default\">\n\t\t\t\t<div class=\"elementor-widget-container\">\n\t\t\t\t\t\t\t\t\t<p>Au\u00dferschulische Aktivit\u00e4ten<\/p>\t\t\t\t\t\t\t\t<\/div>\n\t\t\t\t<\/div>\n\t\t\t\t<\/a>\n\t\t\t\t<\/div>\n\t\t\t\t\t<\/div>\n\t\t\t\t<\/div>\n\t\t<div class=\"elementor-element elementor-element-55d474d3 e-flex e-con-boxed e-con e-parent\" data-id=\"55d474d3\" data-element_type=\"container\" data-e-type=\"container\" data-settings=\"{&quot;background_background&quot;:&quot;classic&quot;}\">\n\t\t\t\t\t<div class=\"e-con-inner\">\n\t\t\t\t\t<\/div>\n\t\t\t\t<\/div>\n\t\t\t\t<\/div>\n\t\t","protected":false},"excerpt":{"rendered":"<p>Grundschulbildung Eine Schl\u00fcsselphase f\u00fcr die kognitive und emotionale Entwicklung Kommen Sie und treffen Sie uns Methode Unsere Studierenden arbeiten individuell und im Team engagiert und eigenverantwortlich an ihrem Lernprozess und integrieren dabei die unterschiedlichen Erfahrungen des Alltags und ihrer unmittelbaren Umgebung in ihr Lernen. Unsere Methode basiert auf aktiven, motivierenden und partizipativen Techniken. Unsere Studierenden [&hellip;]<\/p>\n","protected":false},"author":1,"featured_media":0,"parent":1940,"menu_order":0,"comment_status":"closed","ping_status":"closed","template":"elementor_header_footer","meta":{"footnotes":""},"class_list":["post-1683","page","type-page","status-publish","hentry"],"_links":{"self":[{"href":"https:\/\/colegiosalliver.es\/de\/wp-json\/wp\/v2\/pages\/1683","targetHints":{"allow":["GET"]}}],"collection":[{"href":"https:\/\/colegiosalliver.es\/de\/wp-json\/wp\/v2\/pages"}],"about":[{"href":"https:\/\/colegiosalliver.es\/de\/wp-json\/wp\/v2\/types\/page"}],"author":[{"embeddable":true,"href":"https:\/\/colegiosalliver.es\/de\/wp-json\/wp\/v2\/users\/1"}],"replies":[{"embeddable":true,"href":"https:\/\/colegiosalliver.es\/de\/wp-json\/wp\/v2\/comments?post=1683"}],"version-history":[{"count":7,"href":"https:\/\/colegiosalliver.es\/de\/wp-json\/wp\/v2\/pages\/1683\/revisions"}],"predecessor-version":[{"id":2204,"href":"https:\/\/colegiosalliver.es\/de\/wp-json\/wp\/v2\/pages\/1683\/revisions\/2204"}],"up":[{"embeddable":true,"href":"https:\/\/colegiosalliver.es\/de\/wp-json\/wp\/v2\/pages\/1940"}],"wp:attachment":[{"href":"https:\/\/colegiosalliver.es\/de\/wp-json\/wp\/v2\/media?parent=1683"}],"curies":[{"name":"wp","href":"https:\/\/api.w.org\/{rel}","templated":true}]}}