{"id":1673,"date":"2025-06-05T18:25:13","date_gmt":"2025-06-05T16:25:13","guid":{"rendered":"http:\/\/colegiosalliver.es\/r-institutionell\/"},"modified":"2025-09-03T16:11:38","modified_gmt":"2025-09-03T14:11:38","slug":"r-institutionell","status":"publish","type":"page","link":"https:\/\/colegiosalliver.es\/de\/das-college\/r-institutionell\/","title":{"rendered":"R. Institutionell"},"content":{"rendered":"\t\t<div data-elementor-type=\"wp-page\" data-elementor-id=\"1673\" class=\"elementor elementor-1673 elementor-421\" data-elementor-post-type=\"page\">\n\t\t\t\t<div class=\"elementor-element elementor-element-1cc62a14 e-flex e-con-boxed e-con e-parent\" data-id=\"1cc62a14\" data-element_type=\"container\" data-e-type=\"container\" data-settings=\"{&quot;background_background&quot;:&quot;classic&quot;}\">\n\t\t\t\t\t<div class=\"e-con-inner\">\n\t\t\t\t<div class=\"elementor-element elementor-element-6ec88822 elementor-widget__width-initial elementor-widget elementor-widget-heading\" data-id=\"6ec88822\" data-element_type=\"widget\" data-e-type=\"widget\" data-widget_type=\"heading.default\">\n\t\t\t\t<div class=\"elementor-widget-container\">\n\t\t\t\t\t<h1 class=\"elementor-heading-title elementor-size-default\">R. Institutionell<\/h1>\t\t\t\t<\/div>\n\t\t\t\t<\/div>\n\t\t\t\t<div class=\"elementor-element elementor-element-2e8d0b2 elementor-widget__width-initial elementor-widget elementor-widget-heading\" data-id=\"2e8d0b2\" data-element_type=\"widget\" data-e-type=\"widget\" data-widget_type=\"heading.default\">\n\t\t\t\t<div class=\"elementor-widget-container\">\n\t\t\t\t\t<h2 class=\"elementor-heading-title elementor-size-default\">In unseren Sch\u00fclern eine Berufung zu wecken, die wir als dem Menschen innewohnend betrachten<\/h2>\t\t\t\t<\/div>\n\t\t\t\t<\/div>\n\t\t\t\t<div class=\"elementor-element elementor-element-5071ccf7 elementor-widget elementor-widget-button\" data-id=\"5071ccf7\" data-element_type=\"widget\" data-e-type=\"widget\" data-widget_type=\"button.default\">\n\t\t\t\t<div class=\"elementor-widget-container\">\n\t\t\t\t\t\t\t\t\t<div class=\"elementor-button-wrapper\">\n\t\t\t\t\t<a class=\"elementor-button elementor-button-link elementor-size-sm\" href=\"https:\/\/colegiosalliver.es\/de\/das-college\/geschichte\/\">\n\t\t\t\t\t\t<span class=\"elementor-button-content-wrapper\">\n\t\t\t\t\t\t\t\t\t<span class=\"elementor-button-text\">Unsere Geschichte<\/span>\n\t\t\t\t\t<\/span>\n\t\t\t\t\t<\/a>\n\t\t\t\t<\/div>\n\t\t\t\t\t\t\t\t<\/div>\n\t\t\t\t<\/div>\n\t\t\t\t\t<\/div>\n\t\t\t\t<\/div>\n\t\t<div class=\"elementor-element elementor-element-6d22677d e-flex e-con-boxed e-con e-parent\" data-id=\"6d22677d\" data-element_type=\"container\" data-e-type=\"container\">\n\t\t\t\t\t<div class=\"e-con-inner\">\n\t\t\t\t<div class=\"elementor-element elementor-element-24355689 elementor-widget elementor-widget-heading\" data-id=\"24355689\" data-element_type=\"widget\" data-e-type=\"widget\" data-widget_type=\"heading.default\">\n\t\t\t\t<div class=\"elementor-widget-container\">\n\t\t\t\t\t<h2 class=\"elementor-heading-title elementor-size-default\">Verantwortungsvoll gegen\u00fcber unserer Gesellschaft\n<\/h2>\t\t\t\t<\/div>\n\t\t\t\t<\/div>\n\t\t\t\t<div class=\"elementor-element elementor-element-3f5cc93e elementor-widget-divider--view-line elementor-widget elementor-widget-divider\" data-id=\"3f5cc93e\" data-element_type=\"widget\" data-e-type=\"widget\" data-widget_type=\"divider.default\">\n\t\t\t\t<div class=\"elementor-widget-container\">\n\t\t\t\t\t\t\t<div class=\"elementor-divider\">\n\t\t\t<span class=\"elementor-divider-separator\">\n\t\t\t\t\t\t<\/span>\n\t\t<\/div>\n\t\t\t\t\t\t<\/div>\n\t\t\t\t<\/div>\n\t\t\t\t<div class=\"elementor-element elementor-element-2f691610 elementor-widget elementor-widget-text-editor\" data-id=\"2f691610\" data-element_type=\"widget\" data-e-type=\"widget\" data-widget_type=\"text-editor.default\">\n\t\t\t\t<div class=\"elementor-widget-container\">\n\t\t\t\t\t\t\t\t\t<div class=\"et_pb_module et_pb_text et_pb_text_0 et_pb_text_align_left et_pb_bg_layout_light\"><div class=\"et_pb_text_inner\"><p>Bei Salliver teilen wir mit den Familien die Verantwortung, in unseren Sch\u00fclern eine Berufung zu wecken, die wir als der Menschheit innewohnend erachten: einen Mehrwert f\u00fcr die Gesellschaft zu schaffen, zu der wir geh\u00f6ren, einen sozialen Wert, der darauf abzielt, unsere Bildungsdynamik sowohl pers\u00f6nlich als auch institutionell an unsere Gemeinschaft weiterzugeben.<\/p><\/div><\/div>\t\t\t\t\t\t\t\t<\/div>\n\t\t\t\t<\/div>\n\t\t\t\t\t<\/div>\n\t\t\t\t<\/div>\n\t\t<div class=\"elementor-element elementor-element-435568a e-flex e-con-boxed e-con e-parent\" data-id=\"435568a\" data-element_type=\"container\" data-e-type=\"container\">\n\t\t\t\t\t<div class=\"e-con-inner\">\n\t\t<div class=\"elementor-element elementor-element-6a93a00 e-con-full e-flex e-con e-child\" data-id=\"6a93a00\" data-element_type=\"container\" data-e-type=\"container\">\n\t\t\t\t<div class=\"elementor-element elementor-element-1194174e elementor-widget elementor-widget-n-accordion\" data-id=\"1194174e\" data-element_type=\"widget\" data-e-type=\"widget\" data-settings=\"{&quot;default_state&quot;:&quot;expanded&quot;,&quot;max_items_expended&quot;:&quot;one&quot;,&quot;n_accordion_animation_duration&quot;:{&quot;unit&quot;:&quot;ms&quot;,&quot;size&quot;:400,&quot;sizes&quot;:[]}}\" data-widget_type=\"nested-accordion.default\">\n\t\t\t\t<div class=\"elementor-widget-container\">\n\t\t\t\t\t\t\t<div class=\"e-n-accordion\" aria-label=\"Accordion. Open links with Enter or Space, close with Escape, and navigate with Arrow Keys\">\n\t\t\t\t\t\t<details id=\"e-n-accordion-item-2940\" class=\"e-n-accordion-item\" open>\n\t\t\t\t<summary class=\"e-n-accordion-item-title\" data-accordion-index=\"1\" tabindex=\"0\" aria-expanded=\"true\" aria-controls=\"e-n-accordion-item-2940\" >\n\t\t\t\t\t<span class='e-n-accordion-item-title-header'><div class=\"e-n-accordion-item-title-text\"> Verantwortungsvoll gegen\u00fcber unserer Gesellschaft <\/div><\/span>\n\t\t\t\t\t\t\t<span class='e-n-accordion-item-title-icon'>\n\t\t\t<span class='e-opened' ><svg aria-hidden=\"true\" class=\"e-font-icon-svg e-fas-minus\" viewBox=\"0 0 448 512\" xmlns=\"http:\/\/www.w3.org\/2000\/svg\"><path d=\"M416 208H32c-17.67 0-32 14.33-32 32v32c0 17.67 14.33 32 32 32h384c17.67 0 32-14.33 32-32v-32c0-17.67-14.33-32-32-32z\"><\/path><\/svg><\/span>\n\t\t\t<span class='e-closed'><svg aria-hidden=\"true\" class=\"e-font-icon-svg e-fas-plus\" viewBox=\"0 0 448 512\" xmlns=\"http:\/\/www.w3.org\/2000\/svg\"><path d=\"M416 208H272V64c0-17.67-14.33-32-32-32h-32c-17.67 0-32 14.33-32 32v144H32c-17.67 0-32 14.33-32 32v32c0 17.67 14.33 32 32 32h144v144c0 17.67 14.33 32 32 32h32c17.67 0 32-14.33 32-32V304h144c17.67 0 32-14.33 32-32v-32c0-17.67-14.33-32-32-32z\"><\/path><\/svg><\/span>\n\t\t<\/span>\n\n\t\t\t\t\t\t<\/summary>\n\t\t\t\t<div role=\"region\" aria-labelledby=\"e-n-accordion-item-2940\" class=\"elementor-element elementor-element-45ac2ee7 e-con-full e-flex e-con e-child\" data-id=\"45ac2ee7\" data-element_type=\"container\" data-e-type=\"container\">\n\t\t\t\t<div class=\"elementor-element elementor-element-24e020df elementor-widget elementor-widget-text-editor\" data-id=\"24e020df\" data-element_type=\"widget\" data-e-type=\"widget\" data-widget_type=\"text-editor.default\">\n\t\t\t\t<div class=\"elementor-widget-container\">\n\t\t\t\t\t\t\t\t\tBei Salliver teilen wir mit den Familien die Verantwortung, in unseren Sch\u00fclern eine Berufung zu wecken, die wir als der Menschheit innewohnend erachten: einen Mehrwert f\u00fcr die Gesellschaft zu schaffen, zu der wir geh\u00f6ren, einen sozialen Wert, der darauf abzielt, unsere Bildungsdynamik sowohl pers\u00f6nlich als auch institutionell an unsere Gemeinschaft weiterzugeben.\n\nAus diesem Grund beteiligen sich unsere Studierenden aktiv an sozialen Initiativen, die zu ihrer pers\u00f6nlichen Entwicklung beitragen und von verschiedenen Vereinen gef\u00f6rdert werden, wie zum Beispiel:\n<ul>\n \t<li>Das Heim der Kleinen Schwestern der Armen in Ronda. Im Dezember sammeln sie Lebensmittel und verbringen einen Tag mit den \u00e4lteren Menschen. Dabei gibt es verschiedene Aktivit\u00e4ten, wie zum Beispiel den traditionellen Weihnachtslieder-Singwettbewerb. <\/li>\n \t<li>Kampagne gegen den Hunger, um das Bewusstsein der Sch\u00fcler f\u00fcr die Not der Menschen um uns herum zu sch\u00e4rfen.<\/li>\n \t<li>DOMUND. Wir haben eine \u201eSolidarit\u00e4tstombola\u201c veranstaltet, um Spenden zu sammeln. <\/li>\n \t<li>Padre Patricio Foundation in Honduras. Jede Klasse \u00fcbernimmt die Patenschaft f\u00fcr ein honduranisches Kind, mit dem sie den Kontakt aufrechterh\u00e4lt und ein Bewusstsein f\u00fcr andere soziale Realit\u00e4ten entwickelt. <\/li>\n<\/ul>\n\t\t\t\t\t\t\t\t<\/div>\n\t\t\t\t<\/div>\n\t\t\t\t<\/div>\n\t\t\t\t\t<\/details>\n\t\t\t\t\t\t<details id=\"e-n-accordion-item-2941\" class=\"e-n-accordion-item\" >\n\t\t\t\t<summary class=\"e-n-accordion-item-title\" data-accordion-index=\"2\" tabindex=\"-1\" aria-expanded=\"false\" aria-controls=\"e-n-accordion-item-2941\" >\n\t\t\t\t\t<span class='e-n-accordion-item-title-header'><div class=\"e-n-accordion-item-title-text\"> Wir arbeiten auch mit Verb\u00e4nden zusammen wie: <\/div><\/span>\n\t\t\t\t\t\t\t<span class='e-n-accordion-item-title-icon'>\n\t\t\t<span class='e-opened' ><svg aria-hidden=\"true\" class=\"e-font-icon-svg e-fas-minus\" viewBox=\"0 0 448 512\" xmlns=\"http:\/\/www.w3.org\/2000\/svg\"><path d=\"M416 208H32c-17.67 0-32 14.33-32 32v32c0 17.67 14.33 32 32 32h384c17.67 0 32-14.33 32-32v-32c0-17.67-14.33-32-32-32z\"><\/path><\/svg><\/span>\n\t\t\t<span class='e-closed'><svg aria-hidden=\"true\" class=\"e-font-icon-svg e-fas-plus\" viewBox=\"0 0 448 512\" xmlns=\"http:\/\/www.w3.org\/2000\/svg\"><path d=\"M416 208H272V64c0-17.67-14.33-32-32-32h-32c-17.67 0-32 14.33-32 32v144H32c-17.67 0-32 14.33-32 32v32c0 17.67 14.33 32 32 32h144v144c0 17.67 14.33 32 32 32h32c17.67 0 32-14.33 32-32V304h144c17.67 0 32-14.33 32-32v-32c0-17.67-14.33-32-32-32z\"><\/path><\/svg><\/span>\n\t\t<\/span>\n\n\t\t\t\t\t\t<\/summary>\n\t\t\t\t<div role=\"region\" aria-labelledby=\"e-n-accordion-item-2941\" class=\"elementor-element elementor-element-282c9cdd e-con-full e-flex e-con e-child\" data-id=\"282c9cdd\" data-element_type=\"container\" data-e-type=\"container\">\n\t\t\t\t<div class=\"elementor-element elementor-element-53e2898c elementor-widget elementor-widget-text-editor\" data-id=\"53e2898c\" data-element_type=\"widget\" data-e-type=\"widget\" data-widget_type=\"text-editor.default\">\n\t\t\t\t<div class=\"elementor-widget-container\">\n\t\t\t\t\t\t\t\t\t<ul>\n \t<li>AESLEME, Spanische Vereinigung f\u00fcr R\u00fcckenmarksverletzungen<\/li>\n \t<li>AFA Fuengirola \u2013 Mijas Costa<\/li>\n \t<li>Spanische Vereinigung gegen Krebs<\/li>\n \t<li>Kinderstadt<\/li>\n \t<li>Spanisches Rotes Kreuz<\/li>\n \t<li>Fuensocial<\/li>\n \t<li>Stiftung Alkohol und Gesellschaft<\/li>\n \t<li>ONCE, Spanische Nationale Blindenorganisation<\/li>\n \t<li>Man-Projekt<\/li>\n<\/ul>\t\t\t\t\t\t\t\t<\/div>\n\t\t\t\t<\/div>\n\t\t\t\t<\/div>\n\t\t\t\t\t<\/details>\n\t\t\t\t\t\t<details id=\"e-n-accordion-item-2942\" class=\"e-n-accordion-item\" >\n\t\t\t\t<summary class=\"e-n-accordion-item-title\" data-accordion-index=\"3\" tabindex=\"-1\" aria-expanded=\"false\" aria-controls=\"e-n-accordion-item-2942\" >\n\t\t\t\t\t<span class='e-n-accordion-item-title-header'><div class=\"e-n-accordion-item-title-text\"> Unsere Mitarbeiter <\/div><\/span>\n\t\t\t\t\t\t\t<span class='e-n-accordion-item-title-icon'>\n\t\t\t<span class='e-opened' ><svg aria-hidden=\"true\" class=\"e-font-icon-svg e-fas-minus\" viewBox=\"0 0 448 512\" xmlns=\"http:\/\/www.w3.org\/2000\/svg\"><path d=\"M416 208H32c-17.67 0-32 14.33-32 32v32c0 17.67 14.33 32 32 32h384c17.67 0 32-14.33 32-32v-32c0-17.67-14.33-32-32-32z\"><\/path><\/svg><\/span>\n\t\t\t<span class='e-closed'><svg aria-hidden=\"true\" class=\"e-font-icon-svg e-fas-plus\" viewBox=\"0 0 448 512\" xmlns=\"http:\/\/www.w3.org\/2000\/svg\"><path d=\"M416 208H272V64c0-17.67-14.33-32-32-32h-32c-17.67 0-32 14.33-32 32v144H32c-17.67 0-32 14.33-32 32v32c0 17.67 14.33 32 32 32h144v144c0 17.67 14.33 32 32 32h32c17.67 0 32-14.33 32-32V304h144c17.67 0 32-14.33 32-32v-32c0-17.67-14.33-32-32-32z\"><\/path><\/svg><\/span>\n\t\t<\/span>\n\n\t\t\t\t\t\t<\/summary>\n\t\t\t\t<div role=\"region\" aria-labelledby=\"e-n-accordion-item-2942\" class=\"elementor-element elementor-element-51b96233 e-con-full e-flex e-con e-child\" data-id=\"51b96233\" data-element_type=\"container\" data-e-type=\"container\">\n\t\t\t\t<div class=\"elementor-element elementor-element-42c2fb6c elementor-widget elementor-widget-text-editor\" data-id=\"42c2fb6c\" data-element_type=\"widget\" data-e-type=\"widget\" data-widget_type=\"text-editor.default\">\n\t\t\t\t<div class=\"elementor-widget-container\">\n\t\t\t\t\t\t\t\t\tUnsere Beziehungen zu unserer Community helfen uns zu wachsen und ihr besser zu dienen. Aus diesem Grund pflegen wir enge Beziehungen zu anderen Organisationen, die gemeinsame Ziele verfolgen. \n\n<span class=\"orange-color\">Auf Bildungsebene<\/span> ist unser Zentrum Miteigent\u00fcmer und assoziiertes Zentrum der privaten Universit\u00e4t Alfonso X \u201eEl Sabio\u201c und unterh\u00e4lt Beziehungen zu:\n<ul>\n \t<li>ACADE, Nationaler Verband privater Bildungszentren<\/li>\n \t<li>CADEICE, Verband der Verb\u00e4nde privater Zentren der Europ\u00e4ischen Gemeinschaft<\/li>\n \t<li>Cambridge-Pr\u00fcfungen<\/li>\n \t<li>COMEP, Weltverband des privaten Bildungswesens<\/li>\n \t<li>Sprachschule<\/li>\n \t<li><a href=\"https:\/\/www.colegiosalliver.es\/el-colegio\/servicios\/#programas-de-inmersion-linguistica-12\">Enforex<\/a><\/li>\n \t<li>H\u00f6here Schule f\u00fcr Handelsmanagement und Marketing ESIC<\/li>\n \t<li>FUNDEL, Europ\u00e4ische Stiftung f\u00fcr Bildung und Freiheit<\/li>\n \t<li>Goethe-Institut<\/li>\n \t<li>Institut f\u00fcr B\u00f6rsenstudien EIB<\/li>\n \t<li>Europ\u00e4isches Institut f\u00fcr Design EID<\/li>\n \t<li>Le Roche<\/li>\n \t<li><a href=\"https:\/\/www.colegiosalliver.es\/oferta-educativa\/e-no-reglada\/tecs-2\/\">TECS<\/a><\/li>\n \t<li>Trinity College London<\/li>\n \t<li>Amerikanische Universit\u00e4t CIS<\/li>\n \t<li>Andalusische Universit\u00e4ten<\/li>\n \t<li>Complutense-Universit\u00e4t, Europ\u00e4ische Universit\u00e4t Madrid CEES<\/li>\n \t<li>Universit\u00e4t Francisco de Vitoria<\/li>\n \t<li><a href=\"https:\/\/www.colegiosalliver.es\/leer-noticia\/firmado-convenio-marco-colaboracion-la-universidad-malaga\/\">Universit\u00e4t M\u00e1laga<\/a><\/li>\n \t<li>Universit\u00e4t Navarra, P\u00e4pstliche Universit\u00e4t Comillas (ICADE, ICAI)<\/li>\n \t<li>Universit\u00e4t Nebrija<\/li>\n \t<li>San Pablo CEU Universit\u00e4t<\/li>\n<\/ul>\t\t\t\t\t\t\t\t<\/div>\n\t\t\t\t<\/div>\n\t\t\t\t<\/div>\n\t\t\t\t\t<\/details>\n\t\t\t\t\t<\/div>\n\t\t\t\t\t\t<\/div>\n\t\t\t\t<\/div>\n\t\t\t\t<\/div>\n\t\t<div class=\"elementor-element elementor-element-0de7af8 e-con-full e-flex e-con e-child\" data-id=\"0de7af8\" data-element_type=\"container\" data-e-type=\"container\">\n\t\t\t\t<div class=\"elementor-element elementor-element-7ad8d92 elementor-widget elementor-widget-n-accordion\" data-id=\"7ad8d92\" data-element_type=\"widget\" data-e-type=\"widget\" data-settings=\"{&quot;default_state&quot;:&quot;expanded&quot;,&quot;max_items_expended&quot;:&quot;one&quot;,&quot;n_accordion_animation_duration&quot;:{&quot;unit&quot;:&quot;ms&quot;,&quot;size&quot;:400,&quot;sizes&quot;:[]}}\" data-widget_type=\"nested-accordion.default\">\n\t\t\t\t<div class=\"elementor-widget-container\">\n\t\t\t\t\t\t\t<div class=\"e-n-accordion\" aria-label=\"Accordion. Open links with Enter or Space, close with Escape, and navigate with Arrow Keys\">\n\t\t\t\t\t\t<details id=\"e-n-accordion-item-1280\" class=\"e-n-accordion-item\" open>\n\t\t\t\t<summary class=\"e-n-accordion-item-title\" data-accordion-index=\"1\" tabindex=\"0\" aria-expanded=\"true\" aria-controls=\"e-n-accordion-item-1280\" >\n\t\t\t\t\t<span class='e-n-accordion-item-title-header'><div class=\"e-n-accordion-item-title-text\"> Im Bereich der offiziellen Stellen pflegen wir Kontakte zu: <\/div><\/span>\n\t\t\t\t\t\t\t<span class='e-n-accordion-item-title-icon'>\n\t\t\t<span class='e-opened' ><svg aria-hidden=\"true\" class=\"e-font-icon-svg e-fas-minus\" viewBox=\"0 0 448 512\" xmlns=\"http:\/\/www.w3.org\/2000\/svg\"><path d=\"M416 208H32c-17.67 0-32 14.33-32 32v32c0 17.67 14.33 32 32 32h384c17.67 0 32-14.33 32-32v-32c0-17.67-14.33-32-32-32z\"><\/path><\/svg><\/span>\n\t\t\t<span class='e-closed'><svg aria-hidden=\"true\" class=\"e-font-icon-svg e-fas-plus\" viewBox=\"0 0 448 512\" xmlns=\"http:\/\/www.w3.org\/2000\/svg\"><path d=\"M416 208H272V64c0-17.67-14.33-32-32-32h-32c-17.67 0-32 14.33-32 32v144H32c-17.67 0-32 14.33-32 32v32c0 17.67 14.33 32 32 32h144v144c0 17.67 14.33 32 32 32h32c17.67 0 32-14.33 32-32V304h144c17.67 0 32-14.33 32-32v-32c0-17.67-14.33-32-32-32z\"><\/path><\/svg><\/span>\n\t\t<\/span>\n\n\t\t\t\t\t\t<\/summary>\n\t\t\t\t<div role=\"region\" aria-labelledby=\"e-n-accordion-item-1280\" class=\"elementor-element elementor-element-afa2709 e-con-full e-flex e-con e-child\" data-id=\"afa2709\" data-element_type=\"container\" data-e-type=\"container\">\n\t\t\t\t<div class=\"elementor-element elementor-element-4270efd elementor-widget elementor-widget-text-editor\" data-id=\"4270efd\" data-element_type=\"widget\" data-e-type=\"widget\" data-widget_type=\"text-editor.default\">\n\t\t\t\t<div class=\"elementor-widget-container\">\n\t\t\t\t\t\t\t\t\t<ul>\n \t<li>Sekundarschulen und Institute von Fuengirola und Mijas<\/li>\n \t<li>Umwelt der Europ\u00e4ischen Kommission<\/li>\n \t<li>Bildungsministerium der andalusischen Regionalregierung<\/li>\n \t<li>Provinzdelegation f\u00fcr Bildung<\/li>\n \t<li>Die Stadtverwaltungen von M\u00e1laga, Fuengirola und Mijas. B\u00fcrgermeisteramt und Ratsb\u00fcros <\/li>\n \t<li>Ausgezeichneter Provinzrat von Malaga<\/li>\n \t<li>Besch\u00e4ftigungsf\u00f6rderung der Stadtverwaltung von Fuengirola<\/li>\n \t<li>Provinzielle Verkehrszentrale<\/li>\n \t<li>MEC, Bildungsministerium<\/li>\n \t<li>Ministerium und Abteilung f\u00fcr Umwelt<\/li>\n \t<li>Bistum M\u00e1laga<\/li>\n \t<li>InfoEuropa-Projekt der Stadtverwaltung von Fuengirola<\/li>\n \t<li>Bildungsinspektionsdienst<\/li>\n<\/ul>\t\t\t\t\t\t\t\t<\/div>\n\t\t\t\t<\/div>\n\t\t\t\t<\/div>\n\t\t\t\t\t<\/details>\n\t\t\t\t\t\t<details id=\"e-n-accordion-item-1281\" class=\"e-n-accordion-item\" >\n\t\t\t\t<summary class=\"e-n-accordion-item-title\" data-accordion-index=\"2\" tabindex=\"-1\" aria-expanded=\"false\" aria-controls=\"e-n-accordion-item-1281\" >\n\t\t\t\t\t<span class='e-n-accordion-item-title-header'><div class=\"e-n-accordion-item-title-text\"> Unternehmen und Verb\u00e4nde mit Bezug zur Bildung: <\/div><\/span>\n\t\t\t\t\t\t\t<span class='e-n-accordion-item-title-icon'>\n\t\t\t<span class='e-opened' ><svg aria-hidden=\"true\" class=\"e-font-icon-svg e-fas-minus\" viewBox=\"0 0 448 512\" xmlns=\"http:\/\/www.w3.org\/2000\/svg\"><path d=\"M416 208H32c-17.67 0-32 14.33-32 32v32c0 17.67 14.33 32 32 32h384c17.67 0 32-14.33 32-32v-32c0-17.67-14.33-32-32-32z\"><\/path><\/svg><\/span>\n\t\t\t<span class='e-closed'><svg aria-hidden=\"true\" class=\"e-font-icon-svg e-fas-plus\" viewBox=\"0 0 448 512\" xmlns=\"http:\/\/www.w3.org\/2000\/svg\"><path d=\"M416 208H272V64c0-17.67-14.33-32-32-32h-32c-17.67 0-32 14.33-32 32v144H32c-17.67 0-32 14.33-32 32v32c0 17.67 14.33 32 32 32h144v144c0 17.67 14.33 32 32 32h32c17.67 0 32-14.33 32-32V304h144c17.67 0 32-14.33 32-32v-32c0-17.67-14.33-32-32-32z\"><\/path><\/svg><\/span>\n\t\t<\/span>\n\n\t\t\t\t\t\t<\/summary>\n\t\t\t\t<div role=\"region\" aria-labelledby=\"e-n-accordion-item-1281\" class=\"elementor-element elementor-element-cc55b60 e-con-full e-flex e-con e-child\" data-id=\"cc55b60\" data-element_type=\"container\" data-e-type=\"container\">\n\t\t\t\t<div class=\"elementor-element elementor-element-f7d86b5 elementor-widget elementor-widget-text-editor\" data-id=\"f7d86b5\" data-element_type=\"widget\" data-e-type=\"widget\" data-widget_type=\"text-editor.default\">\n\t\t\t\t<div class=\"elementor-widget-container\">\n\t\t\t\t\t\t\t\t\t<div class=\"et_pb_toggle_content clearfix\"><ul><li>Contadoras Naturklassenzimmer im Naturpark Montes de M\u00e1laga<\/li><li>Meeresklassenzimmer<\/li><li>Aymerich Golf Center, Golfaktivit\u00e4ten<\/li><li>Wissenschaftszentrum Principia von M\u00e1laga<\/li><li><a href=\"https:\/\/www.colegiosalliver.es\/el-colegio\/servicios\/#centro-mi-matrona-salliver-fuengirola-5\">Mein Hebammenzentrum<\/a><\/li><li>CD Judo von Benalm\u00e1dena<\/li><li><a href=\"https:\/\/www.colegiosalliver.es\/el-colegio\/servicios\/actividades-extraescolares\/escuela-de-vela\/\">Fuengirola Sailing Club, Segelaktivit\u00e4ten<\/a><\/li><li>Koks<\/li><li>Internationale Businessschule f\u00fcr KMU<\/li><li><a href=\"https:\/\/www.colegiosalliver.es\/el-colegio\/servicios\/actividades-extraescolares\/danza-estilizada-flamenco\/\">Ana M.\u00aa Tanzschule Tineo Herrera<\/a><\/li><li>ESTALMAT Andalusien F\u00f6rderung mathematischer Talente<\/li><li>FAO, Andalusischer Olympischer Verband<\/li><li>Spanische und andalusische Basketballverb\u00e4nde<\/li><li><a href=\"https:\/\/www.colegiosalliver.es\/huayu-academia-de-chino\/\" target=\"_blank\" rel=\"noopener\">Huayu Chinesische Akademie<\/a><\/li><li>Gemeindeverband der westlichen Costa del Sol<\/li><li>Wissenschaftspark Granada<\/li><li>K\u00f6niglich Spanischer Judoverband<\/li><li>K\u00f6niglich Spanischer Karateverband<\/li><li>K\u00f6niglich Spanische Gesellschaft f\u00fcr Physik<\/li><li>K\u00f6niglich Spanische Gesellschaft f\u00fcr Mathematik<\/li><li>K\u00f6niglich Spanische Gesellschaft f\u00fcr Chemie<\/li><li>Higuer\u00f3n-Reservat, Paddle-Tennis, Schwimmen, Yoga f\u00fcr Kinder &#8230;<\/li><li>SGS, ISO 9001-2000-Zertifizierungssystem<\/li><li>Andalusische Gesellschaft f\u00fcr Mathematikunterricht Thales<\/li><li>WTF, Gesunde Gewohnheiten f\u00fcr die Umwelt<\/li><\/ul><\/div>\t\t\t\t\t\t\t\t<\/div>\n\t\t\t\t<\/div>\n\t\t\t\t<\/div>\n\t\t\t\t\t<\/details>\n\t\t\t\t\t<\/div>\n\t\t\t\t\t\t<\/div>\n\t\t\t\t<\/div>\n\t\t\t\t<\/div>\n\t\t\t\t\t<\/div>\n\t\t\t\t<\/div>\n\t\t\t\t<\/div>\n\t\t","protected":false},"excerpt":{"rendered":"<p>R. Institutionell In unseren Sch\u00fclern eine Berufung zu wecken, die wir als dem Menschen innewohnend betrachten Unsere Geschichte Verantwortungsvoll gegen\u00fcber unserer Gesellschaft Bei Salliver teilen wir mit den Familien die Verantwortung, in unseren Sch\u00fclern eine Berufung zu wecken, die wir als der Menschheit innewohnend erachten: einen Mehrwert f\u00fcr die Gesellschaft zu schaffen, zu der wir [&hellip;]<\/p>\n","protected":false},"author":1,"featured_media":0,"parent":1937,"menu_order":0,"comment_status":"closed","ping_status":"closed","template":"elementor_header_footer","meta":{"footnotes":""},"class_list":["post-1673","page","type-page","status-publish","hentry"],"_links":{"self":[{"href":"https:\/\/colegiosalliver.es\/de\/wp-json\/wp\/v2\/pages\/1673","targetHints":{"allow":["GET"]}}],"collection":[{"href":"https:\/\/colegiosalliver.es\/de\/wp-json\/wp\/v2\/pages"}],"about":[{"href":"https:\/\/colegiosalliver.es\/de\/wp-json\/wp\/v2\/types\/page"}],"author":[{"embeddable":true,"href":"https:\/\/colegiosalliver.es\/de\/wp-json\/wp\/v2\/users\/1"}],"replies":[{"embeddable":true,"href":"https:\/\/colegiosalliver.es\/de\/wp-json\/wp\/v2\/comments?post=1673"}],"version-history":[{"count":3,"href":"https:\/\/colegiosalliver.es\/de\/wp-json\/wp\/v2\/pages\/1673\/revisions"}],"predecessor-version":[{"id":1894,"href":"https:\/\/colegiosalliver.es\/de\/wp-json\/wp\/v2\/pages\/1673\/revisions\/1894"}],"up":[{"embeddable":true,"href":"https:\/\/colegiosalliver.es\/de\/wp-json\/wp\/v2\/pages\/1937"}],"wp:attachment":[{"href":"https:\/\/colegiosalliver.es\/de\/wp-json\/wp\/v2\/media?parent=1673"}],"curies":[{"name":"wp","href":"https:\/\/api.w.org\/{rel}","templated":true}]}}