{"id":1630,"date":"2025-06-10T18:30:08","date_gmt":"2025-06-10T16:30:08","guid":{"rendered":"http:\/\/colegiosalliver.es\/arbeiten-sie-mit-uns\/"},"modified":"2025-09-03T16:06:20","modified_gmt":"2025-09-03T14:06:20","slug":"arbeiten-sie-mit-uns","status":"publish","type":"page","link":"https:\/\/colegiosalliver.es\/de\/arbeiten-sie-mit-uns\/","title":{"rendered":"Arbeiten Sie mit uns"},"content":{"rendered":"\t\t<div data-elementor-type=\"wp-page\" data-elementor-id=\"1630\" class=\"elementor elementor-1630 elementor-873\" data-elementor-post-type=\"page\">\n\t\t\t\t<div class=\"elementor-element elementor-element-a67d780 e-flex e-con-boxed e-con e-parent\" data-id=\"a67d780\" data-element_type=\"container\" data-e-type=\"container\">\n\t\t\t\t\t<div class=\"e-con-inner\">\n\t\t\t\t<div class=\"elementor-element elementor-element-691fd11c elementor-widget elementor-widget-heading\" data-id=\"691fd11c\" data-element_type=\"widget\" data-e-type=\"widget\" data-widget_type=\"heading.default\">\n\t\t\t\t<div class=\"elementor-widget-container\">\n\t\t\t\t\t<h2 class=\"elementor-heading-title elementor-size-default\">Arbeiten Sie mit uns<\/h2>\t\t\t\t<\/div>\n\t\t\t\t<\/div>\n\t\t\t\t<div class=\"elementor-element elementor-element-6d02d572 elementor-widget-divider--view-line elementor-widget elementor-widget-divider\" data-id=\"6d02d572\" data-element_type=\"widget\" data-e-type=\"widget\" data-widget_type=\"divider.default\">\n\t\t\t\t<div class=\"elementor-widget-container\">\n\t\t\t\t\t\t\t<div class=\"elementor-divider\">\n\t\t\t<span class=\"elementor-divider-separator\">\n\t\t\t\t\t\t<\/span>\n\t\t<\/div>\n\t\t\t\t\t\t<\/div>\n\t\t\t\t<\/div>\n\t\t\t\t<div class=\"elementor-element elementor-element-46b6808e elementor-widget elementor-widget-text-editor\" data-id=\"46b6808e\" data-element_type=\"widget\" data-e-type=\"widget\" data-widget_type=\"text-editor.default\">\n\t\t\t\t<div class=\"elementor-widget-container\">\n\t\t\t\t\t\t\t\t\t<p>An der Salliver School legen wir Wert auf Talent, Engagement und ein hohes Ma\u00df an Bildung. Wenn Sie unsere Leidenschaft f\u00fcr die Ausbildung der n\u00e4chsten Generation teilen und Teil eines dynamischen und professionellen Teams werden m\u00f6chten, laden wir Sie ein, mit uns zusammenzuarbeiten. F\u00fcllen Sie das Formular mit Ihren pers\u00f6nlichen Daten, Informationen zu Ihren Qualifikationen und Ihrem Studium aus und f\u00fcgen Sie Ihren Lebenslauf bei. Wir freuen uns darauf, gemeinsam mit Ihnen eine bessere Zukunft aufzubauen!   <\/p>\t\t\t\t\t\t\t\t<\/div>\n\t\t\t\t<\/div>\n\t\t\t\t<div class=\"elementor-element elementor-element-f22f1ac elementor-widget elementor-widget-heading\" data-id=\"f22f1ac\" data-element_type=\"widget\" data-e-type=\"widget\" data-widget_type=\"heading.default\">\n\t\t\t\t<div class=\"elementor-widget-container\">\n\t\t\t\t\t<h2 class=\"elementor-heading-title elementor-size-default\">Bilden<\/h2>\t\t\t\t<\/div>\n\t\t\t\t<\/div>\n\t\t\t\t<div class=\"elementor-element elementor-element-58315da elementor-widget elementor-widget-shortcode\" data-id=\"58315da\" data-element_type=\"widget\" data-e-type=\"widget\" data-widget_type=\"shortcode.default\">\n\t\t\t\t<div class=\"elementor-widget-container\">\n\t\t\t\t\t\t\t<div class=\"elementor-shortcode\">\n<div class=\"wpcf7 no-js\" id=\"wpcf7-f1632-o1\" lang=\"de-DE\" dir=\"ltr\" data-wpcf7-id=\"1632\">\n<div class=\"screen-reader-response\"><p role=\"status\" aria-live=\"polite\" aria-atomic=\"true\"><\/p> <ul><\/ul><\/div>\n<form action=\"\/de\/wp-json\/wp\/v2\/pages\/1630#wpcf7-f1632-o1\" method=\"post\" class=\"wpcf7-form init\" aria-label=\"Kontaktformular\" enctype=\"multipart\/form-data\" novalidate=\"novalidate\" data-status=\"init\">\n<fieldset class=\"hidden-fields-container\"><input type=\"hidden\" name=\"_wpcf7\" value=\"1632\" \/><input type=\"hidden\" name=\"_wpcf7_version\" value=\"6.1.5\" \/><input type=\"hidden\" name=\"_wpcf7_locale\" value=\"de_DE\" \/><input type=\"hidden\" name=\"_wpcf7_unit_tag\" value=\"wpcf7-f1632-o1\" \/><input type=\"hidden\" name=\"_wpcf7_container_post\" value=\"0\" \/><input type=\"hidden\" name=\"_wpcf7_posted_data_hash\" value=\"\" \/>\n<\/fieldset>\n<label> W\u00e4hlen Sie die Stelle aus, auf die Sie sich bewerben m\u00f6chten: <span>*<\/span>\n\n<span class=\"wpcf7-form-control-wrap\" data-name=\"Puesto\"><select class=\"wpcf7-form-control wpcf7-select\" aria-invalid=\"false\" name=\"Puesto\"><option value=\"Verwaltung und Dienstleistungen\">Verwaltung und Dienstleistungen<\/option><option value=\"Kinderg\u00e4rtner\/in\">Kinderg\u00e4rtner\/in<\/option><option value=\"Grundschule\">Grundschule<\/option><option value=\"Sekundarstufe\">Sekundarstufe<\/option><option value=\"Oberschule\">Oberschule<\/option><\/select><\/span> <\/label>\n\n<label> Englischer Abschluss <span>*<\/span>\n    <span class=\"wpcf7-form-control-wrap\" data-name=\"Ingles\"><select class=\"wpcf7-form-control wpcf7-select\" aria-invalid=\"false\" name=\"Ingles\"><option value=\"A1: Anf\u00e4nger\">A1: Anf\u00e4nger<\/option><option value=\"A2: Untere Mittelstufe\">A2: Untere Mittelstufe<\/option><option value=\"B1: Mittelstufe\">B1: Mittelstufe<\/option><option value=\"B2: Fortgeschrittene Mittelstufe\">B2: Fortgeschrittene Mittelstufe<\/option><option value=\"C1: Experte\">C1: Experte<\/option><option value=\"C2: Experte\">C2: Experte<\/option><\/select><\/span> <\/label>\n\n<p class=\"intro_\">Geben Sie Ihre akademischen Daten ein:<\/p>\n\n<label> Bachelor-\/Masterabschluss in: <span><\/span>\n    <span class=\"wpcf7-form-control-wrap\" data-name=\"Formacion\"><input size=\"40\" maxlength=\"400\" class=\"wpcf7-form-control wpcf7-text\" aria-invalid=\"false\" value=\"\" type=\"text\" name=\"Formacion\" \/><\/span> <\/label>\n\n<label> Weitere Studien: <span><\/span>\n    <span class=\"wpcf7-form-control-wrap\" data-name=\"Estudios\"><input size=\"40\" maxlength=\"400\" class=\"wpcf7-form-control wpcf7-text\" aria-invalid=\"false\" value=\"\" type=\"text\" name=\"Estudios\" \/><\/span> <\/label>\n\n<label> Wohnort: *\n    <span class=\"wpcf7-form-control-wrap\" data-name=\"Localidad\"><input size=\"40\" maxlength=\"400\" class=\"wpcf7-form-control wpcf7-text wpcf7-validates-as-required\" aria-required=\"true\" aria-invalid=\"false\" value=\"\" type=\"text\" name=\"Localidad\" \/><\/span> <\/label>\n\n<label> Postleitzahl: *\n    <span class=\"wpcf7-form-control-wrap\" data-name=\"Codigo\"><input size=\"40\" maxlength=\"400\" class=\"wpcf7-form-control wpcf7-text wpcf7-validates-as-required\" aria-required=\"true\" aria-invalid=\"false\" value=\"\" type=\"text\" name=\"Codigo\" \/><\/span> <\/label>\n\n<label> Weitere Informationen:\n    <span class=\"wpcf7-form-control-wrap\" data-name=\"Adicional\"><textarea cols=\"40\" rows=\"10\" maxlength=\"2000\" class=\"wpcf7-form-control wpcf7-textarea\" aria-invalid=\"false\" name=\"Adicional\"><\/textarea><\/span><\/label>\n\n<p class=\"cv_\">F\u00fcgen Sie Ihren Lebenslauf bei: <span>*<\/span><\/p>\n<p class=\"cv2\">WICHTIG: Die Datei muss im PDF-Format vorliegen. Dateien, die gr\u00f6\u00dfer als 15 MB sind, werden nicht akzeptiert. <\/p>\n\n<span class=\"wpcf7-form-control-wrap\" data-name=\"file-464\"><input size=\"40\" class=\"wpcf7-form-control wpcf7-file\" accept=\".pdf\" aria-invalid=\"false\" type=\"file\" name=\"file-464\" \/><\/span>\n\n<p class=\"cv2\">Akzeptierte Dateitypen: pdf, Maximale Dateigr\u00f6\u00dfe: 15 MB. <\/p>\n\n<div class=\"politicas_\">\n<b>Haben Sie unsere Datenschutzerkl\u00e4rung gelesen?*<\/b>\nInformationen zur Verarbeitung Ihrer personenbezogenen Daten gem\u00e4\u00df den Bestimmungen der Datenschutz-Grundverordnung (EU) 2016\/679 (DSGVO) und des Organgesetzes 3\/2018 \u00fcber den Datenschutz und die Gew\u00e4hrleistung digitaler Rechte (LOPDGDD).<br>\u2022 Verantwortlich: COLEGIO SALLIVER, S.L.<br>\u2022 Zweck: Verwaltung Ihrer Teilnahme an unseren Personalauswahlprozessen.<br>\u2022 Rechte: Sie haben das Recht auf Zugriff, Berichtigung, Widerspruch und L\u00f6schung Ihrer Daten sowie das Recht auf Einschr\u00e4nkung und \u00dcbertragung Ihrer Daten, indem Sie eine Mitteilung an dpo@colegiosalliver.com senden.<br>\u2022 Zus\u00e4tzliche Informationen: Weitere Informationen finden Sie in unserer Datenschutzrichtlinie. <\/div>\n\n<span class=\"wpcf7-form-control-wrap\" data-name=\"acceptance-217\"><span class=\"wpcf7-form-control wpcf7-acceptance optional\"><span class=\"wpcf7-list-item\"><label><input type=\"checkbox\" name=\"acceptance-217\" value=\"1\" aria-invalid=\"false\" \/><span class=\"wpcf7-list-item-label\">Ich habe <a href=\"#\">die Datenschutzrichtlinie<\/a> gelesen und akzeptiere sie<\/span><\/label><\/span><\/span><\/span>\n\n<input class=\"wpcf7-form-control wpcf7-submit has-spinner\" type=\"submit\" value=\"Schicken\" \/><div class=\"wpcf7-response-output\" aria-hidden=\"true\"><\/div>\n<\/form>\n<\/div>\n<\/div>\n\t\t\t\t\t\t<\/div>\n\t\t\t\t<\/div>\n\t\t\t\t\t<\/div>\n\t\t\t\t<\/div>\n\t\t\t\t<\/div>\n\t\t","protected":false},"excerpt":{"rendered":"<p>Arbeiten Sie mit uns An der Salliver School legen wir Wert auf Talent, Engagement und ein hohes Ma\u00df an Bildung. Wenn Sie unsere Leidenschaft f\u00fcr die Ausbildung der n\u00e4chsten Generation teilen und Teil eines dynamischen und professionellen Teams werden m\u00f6chten, laden wir Sie ein, mit uns zusammenzuarbeiten. F\u00fcllen Sie das Formular mit Ihren pers\u00f6nlichen Daten, [&hellip;]<\/p>\n","protected":false},"author":1,"featured_media":0,"parent":0,"menu_order":0,"comment_status":"closed","ping_status":"closed","template":"elementor_header_footer","meta":{"footnotes":""},"class_list":["post-1630","page","type-page","status-publish","hentry"],"_links":{"self":[{"href":"https:\/\/colegiosalliver.es\/de\/wp-json\/wp\/v2\/pages\/1630","targetHints":{"allow":["GET"]}}],"collection":[{"href":"https:\/\/colegiosalliver.es\/de\/wp-json\/wp\/v2\/pages"}],"about":[{"href":"https:\/\/colegiosalliver.es\/de\/wp-json\/wp\/v2\/types\/page"}],"author":[{"embeddable":true,"href":"https:\/\/colegiosalliver.es\/de\/wp-json\/wp\/v2\/users\/1"}],"replies":[{"embeddable":true,"href":"https:\/\/colegiosalliver.es\/de\/wp-json\/wp\/v2\/comments?post=1630"}],"version-history":[{"count":3,"href":"https:\/\/colegiosalliver.es\/de\/wp-json\/wp\/v2\/pages\/1630\/revisions"}],"predecessor-version":[{"id":1928,"href":"https:\/\/colegiosalliver.es\/de\/wp-json\/wp\/v2\/pages\/1630\/revisions\/1928"}],"wp:attachment":[{"href":"https:\/\/colegiosalliver.es\/de\/wp-json\/wp\/v2\/media?parent=1630"}],"curies":[{"name":"wp","href":"https:\/\/api.w.org\/{rel}","templated":true}]}}